{"id":21451,"date":"2021-03-02T18:05:49","date_gmt":"2021-03-02T18:05:49","guid":{"rendered":"https:\/\/aeeolica.org\/politica-de-privacidad\/"},"modified":"2023-11-24T15:46:56","modified_gmt":"2023-11-24T14:46:56","slug":"privacy-policy","status":"publish","type":"page","link":"https:\/\/aeeolica.org\/en\/privacy-policy\/","title":{"rendered":"Privacy Policy"},"content":{"rendered":"<p>[et_pb_section fb_built=&#8221;1&#8243; _builder_version=&#8221;4.16&#8243; _module_preset=&#8221;default&#8221; global_colors_info=&#8221;{}&#8221;][et_pb_row _builder_version=&#8221;4.16&#8243; _module_preset=&#8221;default&#8221; global_colors_info=&#8221;{}&#8221;][et_pb_column type=&#8221;4_4&#8243; _builder_version=&#8221;4.16&#8243; _module_preset=&#8221;default&#8221; global_colors_info=&#8221;{}&#8221;][et_pb_text _builder_version=&#8221;4.16&#8243; _module_preset=&#8221;default&#8221; global_colors_info=&#8221;{}&#8221;]<\/p>\n<h1>Privacy Policy<\/h1>\n<p>[\/et_pb_text][\/et_pb_column][\/et_pb_row][et_pb_row _builder_version=&#8221;4.16&#8243; _module_preset=&#8221;default&#8221; global_colors_info=&#8221;{}&#8221;][et_pb_column type=&#8221;4_4&#8243; _builder_version=&#8221;4.16&#8243; _module_preset=&#8221;default&#8221; global_colors_info=&#8221;{}&#8221;][et_pb_text _builder_version=&#8221;4.22.2&#8243; _module_preset=&#8221;default&#8221; hover_enabled=&#8221;0&#8243; global_colors_info=&#8221;{}&#8221; sticky_enabled=&#8221;0&#8243;]<\/p>\n<h3><strong>Privacy Policy<\/strong><\/h3>\n<p>This document regulates the Privacy Policy of both this website, as well as all the data and information that ASOCIACI\u00d3N EMPRESARIAL E\u00d3LICA (hereinafter, \u201cAEE\u201d) could handle as data controller.<\/p>\n<p>In compliance with article 13 and 14 of Regulation (EU) 2016\/679 of the European Parliament and of the Council of April 27, 2016 regarding the protection of natural persons with regard to the processing of personal data and the free circulation of these data (hereinafter &#8220;GDPR&#8221; or &#8220;General Data Protection Regulation&#8221;), and article 11 of Organic Law 3\/2018, of December 5, on the Protection of Personal Data and guarantee of the digital rights (hereinafter &#8220;PDPA-GDD&#8221;) this Privacy Policy has been established and developed.<\/p>\n<h3><strong>Data Controller<\/strong><\/h3>\n<p>Your personal data is handled by us, AEE as the Data Controller. We detail our social data so that you can contact us whenever you want:<\/p>\n<ul>\n<li>Company name: ASOCIACI\u00d3N EMPRESARIAL E\u00d3LICA<\/li>\n<li>CIF: G83488163<\/li>\n<li>Legal Address: Calle Orense, 34 \u2013 Torre Norte Planta 4 \u2013 28020 Madrid<\/li>\n<li>\u00a0Telephone: (+34) 917 451 276<\/li>\n<li>Email: <a href=\"mailto:datos@aeeolica.org\">datos@aeeolica.org<\/a><\/li>\n<\/ul>\n<h3><strong>Personal Data We Collect<\/strong><\/h3>\n<p>This section regulates all the treatments carried out by AEE, based on each of the purposes, in accordance with the legitimizing bases that regulate it, including those listed below:<strong><\/strong><\/p>\n<ul>\n<li><strong>Consent of the interested party (article 6.1. A) GDPR)<\/strong><\/li>\n<ul>\n<li><strong>Website users<\/strong>: attend your request through the contact form.<\/li>\n<li><strong>Personnel selection processes<\/strong>: form part of the selection processes offered.<\/li>\n<\/ul>\n<\/ul>\n<ul>\n<li><strong>Processing is necessary for the performance of a contract to which the data subject is party or in order to take steps at the request of the data subject prior to entering into a contrac (<\/strong><strong>article 6.1.b) GDPR)<\/strong><\/li>\n<\/ul>\n<p><strong>Partners<\/strong><\/p>\n<ul>\n<li>Registration as a partner \/ associate of AEE.<\/li>\n<li>Contractual relationship between AEE and your company.<\/li>\n<li>Accounting and administrative management of the service between AEE and your company.<\/li>\n<li>Electronic communications between AEE and your company.<\/li>\n<\/ul>\n<p><strong>Potential partners \/ associates<\/strong><\/p>\n<ul>\n<li>Respond to any request for information that you send us.<\/li>\n<li>Send you, where appropriate, commercial offers.<\/li>\n<\/ul>\n<p><strong>Employees<\/strong><\/p>\n<ul>\n<li>Maintenance and improvement of the employment relationship agreed between AEE and you.<\/li>\n<li>Accounting, tax and administrative management of the employment relationship.<\/li>\n<li>Manage and make the payment of their contractually agreed payroll and required by labor legislation.<\/li>\n<li>Manage communications between AEE and your you.<\/li>\n<li>Carry out the follow-up of the training actions of which it is subject.<\/li>\n<li>Management of sick leave.<\/li>\n<\/ul>\n<p><strong>Legitimate interest pursued by the controller (article 6.1.f) GDPR)<\/strong><\/p>\n<p><strong>Commercial activities: <\/strong>sending commercial information to users about products and services similar to those previously contracted, in connection with article 21.2 of the LSSICE.<strong> <\/strong><\/p>\n<p><strong>Video surveillance: <\/strong>security management of facilities, goods and people through video surveillance mechanisms.<strong> <\/strong><\/p>\n<p>Likewise, you are informed that all the data that AEE requests or may request marked with an asterisk (*) will be mandatory. In the event that the mandatory data were not provided, AEE will not be able to provide the contracted service or respond to your request or request.<\/p>\n<p>In compliance with article 4.2.a of the PDPA-GDD, it is guaranteed that the personal data provided by you to AEE will be considered accurate. However, AEE could ask you to update them that you could keep.<\/p>\n<h3><strong>How long we retain your information \u00a0(retention periods)<\/strong><\/h3>\n<p>In compliance with article 5.1.e) of the GDPR, the data retention periods will vary depending on the treatment carried out. Therefore, from AEE we advise you to read our Data Conservation Policy for your consultation, which you can request at <a href=\"mailto:datos@aeeolica.org\">datos@aeeolica.org<\/a><\/p>\n<p>However, despite the existence of these general terms, we inform you that we will periodically review our systems to proceed to eliminate any data that is not legally necessary.<\/p>\n<h3><strong>Rights that assist the interested parties<\/strong><\/h3>\n<p>The data protection regulations recognize the following rights:<br \/>\nRight of access.<br \/>\nRight to rectification.<br \/>\nRight to erasure.<br \/>\night to restriction of processing.<br \/>\nRight to object.<br \/>\nRight to data portability<br \/>\nRight to object and automated individual decision-making.<br \/>\nRight to withdraw your consent.<br \/>\nThe exercise of this rights must be communicated to ASOCIACI\u00d3N EMPRESARIAL E\u00d3LICA, with legal address at Calle Orense, 34 \u2013 Torre Norte Planta 4 \u2013 28020 Madrid, or the email <a href=\"mailto:datos@aeeolica.org\">datos@aeeolica.org<\/a>. Further, you can file a claim with the Spanish Data Protection Agency (AEPD). More information in the Control Authority section of this privacy policy.<\/p>\n<h3><strong>International Data Transfers<\/strong><\/h3>\n<p>Your personal data may be communicated to Public or Government Authorities, State Security Forces, to comply with the legal requirements and applicable regulations in each specific case.<\/p>\n<p>In turn, they could be communicated to third-party providers or entities for the provision of a service subcontracted by AEE. In this regard, we inform you that the corresponding treatment manager contracts required by article 28 and 29 of the GDPR as well as article 28 of the PDPA-GDD have been signed, and these always guaranteeing and being verified by AEE that they comply and guarantee with legal measures sufficient technical and organizational. We inform you that your data will not be communicated to third parties. Nor will international data transfers be made.<\/p>\n<h3><strong>Origin of personal data<\/strong><\/h3>\n<p>The personal data processed by AEE come from you as interested party. To which, you have previously provided your personal data and have authorized their communication to the various companies that offer their services through these companies.<\/p>\n<h3><strong>Data security<\/strong><\/h3>\n<p>From AEE, sufficient legal, technical and organizational measures have been implemented to guarantee the protection of personal data. For this reason, we periodically review our systems to avoid any illegal, unauthorized access, as well as to avoid any type of loss, accidental destruction, illegal or unauthorized disclosure as well as any other type of damage, both accidental and illegal.<\/p>\n<h3><strong>Supervisory authorities<\/strong><\/h3>\n<p>From AEE we make every effort to comply with data protection regulations since it is the most valuable asset for us. However, we inform you that if you understand that your rights have been impaired, you can file a claim with the Spanish Data Protection Agency (AEPD), located at C \/ JORGE JUAN, 6 &#8211; 28001 MADRID. More information about the AEPD on its <a href=\"https:\/\/www.aepd.es\/es\">website<\/a>.[\/et_pb_text][\/et_pb_column][\/et_pb_row][\/et_pb_section]<\/p>\n","protected":false},"excerpt":{"rendered":"<p>Privacy PolicyPrivacy Policy This document regulates the Privacy Policy of both this website, as well as all the data and information that ASOCIACI\u00d3N EMPRESARIAL E\u00d3LICA (hereinafter, \u201cAEE\u201d) could handle as [&hellip;]<\/p>\n","protected":false},"author":1,"featured_media":0,"parent":0,"menu_order":0,"comment_status":"closed","ping_status":"closed","template":"","meta":{"_acf_changed":false,"_bbp_topic_count":0,"_bbp_reply_count":0,"_bbp_total_topic_count":0,"_bbp_total_reply_count":0,"_bbp_voice_count":0,"_bbp_anonymous_reply_count":0,"_bbp_topic_count_hidden":0,"_bbp_reply_count_hidden":0,"_bbp_forum_subforum_count":0,"_et_pb_use_builder":"on","_et_pb_old_content":"<!-- wp:divi\/placeholder \/-->","_et_gb_content_width":"","footnotes":""},"class_list":["post-21451","page","type-page","status-publish","hentry"],"acf":[],"yoast_head":"<!-- This site is optimized with the Yoast SEO plugin v27.1.1 - https:\/\/yoast.com\/product\/yoast-seo-wordpress\/ -->\n<title>Privacy Policy - Asociaci\u00f3n Empresarial E\u00f3lica<\/title>\n<meta name=\"robots\" content=\"noindex, follow\" \/>\n<meta property=\"og:locale\" content=\"en_US\" \/>\n<meta property=\"og:type\" content=\"article\" \/>\n<meta property=\"og:title\" content=\"Privacy Policy - Asociaci\u00f3n Empresarial E\u00f3lica\" \/>\n<meta property=\"og:description\" content=\"Privacy PolicyPrivacy Policy This document regulates the Privacy Policy of both this website, as well as all the data and information that ASOCIACI\u00d3N EMPRESARIAL E\u00d3LICA (hereinafter, \u201cAEE\u201d) could handle as [&hellip;]\" \/>\n<meta property=\"og:url\" content=\"https:\/\/aeeolica.org\/en\/privacy-policy\/\" \/>\n<meta property=\"og:site_name\" content=\"Asociaci\u00f3n Empresarial E\u00f3lica\" \/>\n<meta property=\"article:publisher\" content=\"https:\/\/www.facebook.com\/aeeolica\" \/>\n<meta property=\"article:modified_time\" content=\"2023-11-24T14:46:56+00:00\" \/>\n<meta name=\"twitter:card\" content=\"summary_large_image\" \/>\n<meta name=\"twitter:site\" content=\"@aeeolica\" \/>\n<meta name=\"twitter:label1\" content=\"Est. reading time\" \/>\n\t<meta name=\"twitter:data1\" content=\"5 minutes\" \/>\n<script type=\"application\/ld+json\" class=\"yoast-schema-graph\">{\"@context\":\"https:\/\/schema.org\",\"@graph\":[{\"@type\":\"WebPage\",\"@id\":\"https:\/\/aeeolica.org\/en\/privacy-policy\/\",\"url\":\"https:\/\/aeeolica.org\/en\/privacy-policy\/\",\"name\":\"Privacy Policy - Asociaci\u00f3n Empresarial E\u00f3lica\",\"isPartOf\":{\"@id\":\"https:\/\/aeeolica.org\/#website\"},\"datePublished\":\"2021-03-02T18:05:49+00:00\",\"dateModified\":\"2023-11-24T14:46:56+00:00\",\"breadcrumb\":{\"@id\":\"https:\/\/aeeolica.org\/en\/privacy-policy\/#breadcrumb\"},\"inLanguage\":\"en-US\",\"potentialAction\":[{\"@type\":\"ReadAction\",\"target\":[\"https:\/\/aeeolica.org\/en\/privacy-policy\/\"]}]},{\"@type\":\"BreadcrumbList\",\"@id\":\"https:\/\/aeeolica.org\/en\/privacy-policy\/#breadcrumb\",\"itemListElement\":[{\"@type\":\"ListItem\",\"position\":1,\"name\":\"Portada\",\"item\":\"https:\/\/aeeolica.org\/en\/inicio\/\"},{\"@type\":\"ListItem\",\"position\":2,\"name\":\"Privacy Policy\"}]},{\"@type\":\"WebSite\",\"@id\":\"https:\/\/aeeolica.org\/#website\",\"url\":\"https:\/\/aeeolica.org\/\",\"name\":\"Asociaci\u00f3n Empresarial E\u00f3lica\",\"description\":\"AEE Asociaci\u00f3n Empresarial E\u00f3lica\",\"publisher\":{\"@id\":\"https:\/\/aeeolica.org\/#organization\"},\"potentialAction\":[{\"@type\":\"SearchAction\",\"target\":{\"@type\":\"EntryPoint\",\"urlTemplate\":\"https:\/\/aeeolica.org\/?s={search_term_string}\"},\"query-input\":{\"@type\":\"PropertyValueSpecification\",\"valueRequired\":true,\"valueName\":\"search_term_string\"}}],\"inLanguage\":\"en-US\"},{\"@type\":\"Organization\",\"@id\":\"https:\/\/aeeolica.org\/#organization\",\"name\":\"Asociaci\u00f3n Empresarial E\u00f3lica\",\"url\":\"https:\/\/aeeolica.org\/\",\"logo\":{\"@type\":\"ImageObject\",\"inLanguage\":\"en-US\",\"@id\":\"https:\/\/aeeolica.org\/#\/schema\/logo\/image\/\",\"url\":\"https:\/\/aeeolica.org\/wp-content\/uploads\/2021\/08\/logo-aee.png\",\"contentUrl\":\"https:\/\/aeeolica.org\/wp-content\/uploads\/2021\/08\/logo-aee.png\",\"width\":180,\"height\":78,\"caption\":\"Asociaci\u00f3n Empresarial E\u00f3lica\"},\"image\":{\"@id\":\"https:\/\/aeeolica.org\/#\/schema\/logo\/image\/\"},\"sameAs\":[\"https:\/\/www.facebook.com\/aeeolica\",\"https:\/\/x.com\/aeeolica\",\"https:\/\/www.instagram.com\/aeeolica\/\",\"https:\/\/www.linkedin.com\/in\/aee-asociaci\u00f3n-empresarial-e\u00f3lica-6830946b\/\",\"https:\/\/www.youtube.com\/user\/AEEolica\"]}]}<\/script>\n<!-- \/ Yoast SEO plugin. -->","yoast_head_json":{"title":"Privacy Policy - Asociaci\u00f3n Empresarial E\u00f3lica","robots":{"index":"noindex","follow":"follow"},"og_locale":"en_US","og_type":"article","og_title":"Privacy Policy - Asociaci\u00f3n Empresarial E\u00f3lica","og_description":"Privacy PolicyPrivacy Policy This document regulates the Privacy Policy of both this website, as well as all the data and information that ASOCIACI\u00d3N EMPRESARIAL E\u00d3LICA (hereinafter, \u201cAEE\u201d) could handle as [&hellip;]","og_url":"https:\/\/aeeolica.org\/en\/privacy-policy\/","og_site_name":"Asociaci\u00f3n Empresarial E\u00f3lica","article_publisher":"https:\/\/www.facebook.com\/aeeolica","article_modified_time":"2023-11-24T14:46:56+00:00","twitter_card":"summary_large_image","twitter_site":"@aeeolica","twitter_misc":{"Est. reading time":"5 minutes"},"schema":{"@context":"https:\/\/schema.org","@graph":[{"@type":"WebPage","@id":"https:\/\/aeeolica.org\/en\/privacy-policy\/","url":"https:\/\/aeeolica.org\/en\/privacy-policy\/","name":"Privacy Policy - Asociaci\u00f3n Empresarial E\u00f3lica","isPartOf":{"@id":"https:\/\/aeeolica.org\/#website"},"datePublished":"2021-03-02T18:05:49+00:00","dateModified":"2023-11-24T14:46:56+00:00","breadcrumb":{"@id":"https:\/\/aeeolica.org\/en\/privacy-policy\/#breadcrumb"},"inLanguage":"en-US","potentialAction":[{"@type":"ReadAction","target":["https:\/\/aeeolica.org\/en\/privacy-policy\/"]}]},{"@type":"BreadcrumbList","@id":"https:\/\/aeeolica.org\/en\/privacy-policy\/#breadcrumb","itemListElement":[{"@type":"ListItem","position":1,"name":"Portada","item":"https:\/\/aeeolica.org\/en\/inicio\/"},{"@type":"ListItem","position":2,"name":"Privacy Policy"}]},{"@type":"WebSite","@id":"https:\/\/aeeolica.org\/#website","url":"https:\/\/aeeolica.org\/","name":"Asociaci\u00f3n Empresarial E\u00f3lica","description":"AEE Asociaci\u00f3n Empresarial E\u00f3lica","publisher":{"@id":"https:\/\/aeeolica.org\/#organization"},"potentialAction":[{"@type":"SearchAction","target":{"@type":"EntryPoint","urlTemplate":"https:\/\/aeeolica.org\/?s={search_term_string}"},"query-input":{"@type":"PropertyValueSpecification","valueRequired":true,"valueName":"search_term_string"}}],"inLanguage":"en-US"},{"@type":"Organization","@id":"https:\/\/aeeolica.org\/#organization","name":"Asociaci\u00f3n Empresarial E\u00f3lica","url":"https:\/\/aeeolica.org\/","logo":{"@type":"ImageObject","inLanguage":"en-US","@id":"https:\/\/aeeolica.org\/#\/schema\/logo\/image\/","url":"https:\/\/aeeolica.org\/wp-content\/uploads\/2021\/08\/logo-aee.png","contentUrl":"https:\/\/aeeolica.org\/wp-content\/uploads\/2021\/08\/logo-aee.png","width":180,"height":78,"caption":"Asociaci\u00f3n Empresarial E\u00f3lica"},"image":{"@id":"https:\/\/aeeolica.org\/#\/schema\/logo\/image\/"},"sameAs":["https:\/\/www.facebook.com\/aeeolica","https:\/\/x.com\/aeeolica","https:\/\/www.instagram.com\/aeeolica\/","https:\/\/www.linkedin.com\/in\/aee-asociaci\u00f3n-empresarial-e\u00f3lica-6830946b\/","https:\/\/www.youtube.com\/user\/AEEolica"]}]}},"_links":{"self":[{"href":"https:\/\/aeeolica.org\/en\/wp-json\/wp\/v2\/pages\/21451","targetHints":{"allow":["GET"]}}],"collection":[{"href":"https:\/\/aeeolica.org\/en\/wp-json\/wp\/v2\/pages"}],"about":[{"href":"https:\/\/aeeolica.org\/en\/wp-json\/wp\/v2\/types\/page"}],"author":[{"embeddable":true,"href":"https:\/\/aeeolica.org\/en\/wp-json\/wp\/v2\/users\/1"}],"replies":[{"embeddable":true,"href":"https:\/\/aeeolica.org\/en\/wp-json\/wp\/v2\/comments?post=21451"}],"version-history":[{"count":0,"href":"https:\/\/aeeolica.org\/en\/wp-json\/wp\/v2\/pages\/21451\/revisions"}],"wp:attachment":[{"href":"https:\/\/aeeolica.org\/en\/wp-json\/wp\/v2\/media?parent=21451"}],"curies":[{"name":"wp","href":"https:\/\/api.w.org\/{rel}","templated":true}]}}