{"id":294285,"date":"2026-03-26T10:01:34","date_gmt":"2026-03-26T09:01:34","guid":{"rendered":"https:\/\/aeeolica.org\/?page_id=294285"},"modified":"2026-03-26T10:10:10","modified_gmt":"2026-03-26T09:10:10","slug":"strategic-tools","status":"publish","type":"page","link":"https:\/\/aeeolica.org\/en\/about-wind-energy\/strategic-tools\/","title":{"rendered":"Strategic tools"},"content":{"rendered":"<p>[et_pb_section fb_built=&#8221;1&#8243; admin_label=&#8221;Header&#8221; _builder_version=&#8221;4.27.6&#8243; background_enable_color=&#8221;off&#8221; use_background_color_gradient=&#8221;on&#8221; background_color_gradient_stops=&#8221;#2c79dd 0%|#2cbfd6 100%&#8221; background_color_gradient_start=&#8221;#2c79dd&#8221; background_color_gradient_end=&#8221;#2cbfd6&#8243; background_image=&#8221;https:\/\/aeeolica.org\/wp-content\/uploads\/2026\/03\/Francisco-Javier-Villanueva_Amanece-en-el-Perdon.jpg&#8221; background_position=&#8221;top_center&#8221; background_repeat=&#8221;repeat&#8221; background_blend=&#8221;multiply&#8221; z_index=&#8221;1&#8243; custom_margin=&#8221;||||false|false&#8221; custom_padding=&#8221;10vw||13vw||false|false&#8221; mix_blend_mode=&#8221;multiply&#8221; custom_css_main_element=&#8221;overflow:hidden;&#8221; box_shadow_style=&#8221;preset7&#8243; box_shadow_horizontal=&#8221;0px&#8221; box_shadow_vertical=&#8221;-6vw&#8221; box_shadow_color=&#8221;#ffffff&#8221; locked=&#8221;off&#8221; global_colors_info=&#8221;{}&#8221;][et_pb_row use_custom_gutter=&#8221;on&#8221; _builder_version=&#8221;4.16&#8243; z_index=&#8221;10&#8243; width=&#8221;60%&#8221; width_tablet=&#8221;&#8221; width_phone=&#8221;&#8221; width_last_edited=&#8221;on|phone&#8221; max_width=&#8221;600px&#8221; locked=&#8221;off&#8221; global_colors_info=&#8221;{}&#8221; width__hover_enabled=&#8221;off|desktop&#8221;][et_pb_column type=&#8221;4_4&#8243; _builder_version=&#8221;4.16&#8243; global_colors_info=&#8221;{}&#8221;][et_pb_text _builder_version=&#8221;4.27.6&#8243; header_font=&#8221;|300|||||||&#8221; header_text_color=&#8221;#FFFFFF&#8221; header_font_size=&#8221;80px&#8221; header_line_height=&#8221;0.9em&#8221; text_orientation=&#8221;center&#8221; max_width_tablet=&#8221;350px&#8221; max_width_phone=&#8221;220px&#8221; max_width_last_edited=&#8221;off|desktop&#8221; module_alignment=&#8221;center&#8221; custom_padding=&#8221;|||10px|false|false&#8221; hover_enabled=&#8221;0&#8243; header_font_size_tablet=&#8221;48px&#8221; header_font_size_phone=&#8221;30px&#8221; header_font_size_last_edited=&#8221;on|phone&#8221; border_color_all=&#8221;#FFFFFF&#8221; border_color_left=&#8221;RGBA(0,0,0,0)&#8221; global_colors_info=&#8221;{}&#8221; sticky_enabled=&#8221;0&#8243;]<\/p>\n<h1>Strategic <strong>tools<\/strong><\/h1>\n<p>[\/et_pb_text][\/et_pb_column][\/et_pb_row][et_pb_row _builder_version=&#8221;4.16&#8243; positioning=&#8221;absolute&#8221; position_origin_a=&#8221;bottom_left&#8221; width=&#8221;100%&#8221; max_width=&#8221;100%&#8221; global_colors_info=&#8221;{}&#8221;][et_pb_column type=&#8221;4_4&#8243; _builder_version=&#8221;4.16&#8243; global_colors_info=&#8221;{}&#8221;][et_pb_image src=&#8221;https:\/\/aeeolica.org\/wp-content\/uploads\/2021\/04\/AEE-logo-aspa-azul.png&#8221; alt=&#8221;AEE&#8221; title_text=&#8221;AEE-logo-aspa-azul&#8221; align=&#8221;right&#8221; admin_label=&#8221;imagen azul&#8221; _builder_version=&#8221;4.16&#8243; positioning=&#8221;absolute&#8221; position_origin_a=&#8221;bottom_right&#8221; z_index=&#8221;47&#8243; width=&#8221;15vw&#8221; custom_margin=&#8221;|-3%|-2%||false|false&#8221; scroll_vertical_motion_enable=&#8221;on&#8221; scroll_vertical_motion=&#8221;0|50|50|100|1|0|-1&#8243; scroll_rotating_enable=&#8221;on&#8221; scroll_rotating=&#8221;0|50|50|100|95\u00b0|0|-95\u00b0&#8221; global_colors_info=&#8221;{}&#8221;][\/et_pb_image][\/et_pb_column][\/et_pb_row][\/et_pb_section][et_pb_section fb_built=&#8221;1&#8243; _builder_version=&#8221;4.16&#8243; _module_preset=&#8221;default&#8221; custom_margin=&#8221;0px||||false|false&#8221; custom_padding=&#8221;0px||||false|false&#8221; locked=&#8221;off&#8221; global_colors_info=&#8221;{}&#8221;][et_pb_row column_structure=&#8221;1_2,1_2&#8243; use_custom_gutter=&#8221;on&#8221; gutter_width=&#8221;2&#8243; _builder_version=&#8221;4.16&#8243; _module_preset=&#8221;default&#8221; width=&#8221;100%&#8221; custom_margin=&#8221;0px||||false|false&#8221; custom_padding=&#8221;0px||13px||false|false&#8221; global_colors_info=&#8221;{}&#8221;][et_pb_column type=&#8221;1_2&#8243; _builder_version=&#8221;4.16&#8243; _module_preset=&#8221;default&#8221; global_colors_info=&#8221;{}&#8221;][et_pb_blurb title=&#8221;Map of wind farms&#8221; image=&#8221;https:\/\/aeeolica.org\/wp-content\/uploads\/2026\/03\/mapa-parques-eolicos.gif&#8221; module_class=&#8221;anuncioZoom&#8221; _builder_version=&#8221;4.27.6&#8243; _module_preset=&#8221;default&#8221; link_option_url=&#8221;https:\/\/aeeolica.org\/sobre-la-eolica\/mapa-de-parques-eolicos\/&#8221; custom_css_blurb_image=&#8221;margin-bottom: 15px;&#8221; global_colors_info=&#8221;{}&#8221;][\/et_pb_blurb][\/et_pb_column][et_pb_column type=&#8221;1_2&#8243; _builder_version=&#8221;4.16&#8243; _module_preset=&#8221;default&#8221; global_colors_info=&#8221;{}&#8221;][et_pb_blurb title=&#8221;Map of wind power industry&#8221; image=&#8221;https:\/\/aeeolica.org\/wp-content\/uploads\/2026\/03\/centros-industriales.gif&#8221; module_class=&#8221;anuncioZoom&#8221; _builder_version=&#8221;4.27.6&#8243; _module_preset=&#8221;default&#8221; link_option_url=&#8221;https:\/\/aeeolica.org\/sobre-la-eolica\/mapa-de-centros-industriales\/&#8221; custom_css_blurb_image=&#8221;margin-bottom: 15px;&#8221; global_colors_info=&#8221;{}&#8221;][\/et_pb_blurb][\/et_pb_column][\/et_pb_row][et_pb_row column_structure=&#8221;1_2,1_2&#8243; use_custom_gutter=&#8221;on&#8221; gutter_width=&#8221;2&#8243; _builder_version=&#8221;4.16&#8243; _module_preset=&#8221;default&#8221; width=&#8221;100%&#8221; custom_margin=&#8221;0px||||false|false&#8221; custom_padding=&#8221;0px||||false|false&#8221; global_colors_info=&#8221;{}&#8221;][et_pb_column type=&#8221;1_2&#8243; _builder_version=&#8221;4.16&#8243; _module_preset=&#8221;default&#8221; global_colors_info=&#8221;{}&#8221;][et_pb_blurb title=&#8221;Territorial Intelligence System for Wind Energy&#8221; image=&#8221;https:\/\/aeeolica.org\/wp-content\/uploads\/2026\/03\/mapa-site.gif&#8221; module_class=&#8221;anuncioZoom&#8221; _builder_version=&#8221;4.27.6&#8243; _module_preset=&#8221;default&#8221; link_option_url=&#8221;https:\/\/aeeolica.org\/sobre-la-eolica\/sistema-de-inteligencia-territorial-para-la-eolica\/&#8221; custom_css_blurb_image=&#8221;margin-bottom: 15px;&#8221; global_colors_info=&#8221;{}&#8221;][\/et_pb_blurb][\/et_pb_column][et_pb_column type=&#8221;1_2&#8243; _builder_version=&#8221;4.16&#8243; _module_preset=&#8221;default&#8221; global_colors_info=&#8221;{}&#8221;][et_pb_blurb title=&#8221;B\u00f3reas Space&#8221; image=&#8221;https:\/\/aeeolica.org\/wp-content\/uploads\/2026\/03\/boreas.gif&#8221; module_class=&#8221;anuncioZoom&#8221; _builder_version=&#8221;4.27.6&#8243; _module_preset=&#8221;default&#8221; link_option_url=&#8221;https:\/\/aeeolica.org\/sobre-la-eolica\/espacio-boreas\/&#8221; custom_css_blurb_image=&#8221;margin-bottom: 15px;&#8221; global_colors_info=&#8221;{}&#8221;][\/et_pb_blurb][\/et_pb_column][\/et_pb_row][\/et_pb_section]<\/p>\n","protected":false},"excerpt":{"rendered":"<p>Strategic tools<\/p>\n","protected":false},"author":1,"featured_media":0,"parent":8398,"menu_order":0,"comment_status":"closed","ping_status":"closed","template":"","meta":{"_acf_changed":false,"_bbp_topic_count":0,"_bbp_reply_count":0,"_bbp_total_topic_count":0,"_bbp_total_reply_count":0,"_bbp_voice_count":0,"_bbp_anonymous_reply_count":0,"_bbp_topic_count_hidden":0,"_bbp_reply_count_hidden":0,"_bbp_forum_subforum_count":0,"_et_pb_use_builder":"on","_et_pb_old_content":"","_et_gb_content_width":"","footnotes":""},"class_list":["post-294285","page","type-page","status-publish","hentry"],"acf":[],"yoast_head":"<!-- This site is optimized with the Yoast SEO plugin v27.1.1 - https:\/\/yoast.com\/product\/yoast-seo-wordpress\/ -->\n<title>Strategic tools - Asociaci\u00f3n Empresarial E\u00f3lica<\/title>\n<meta name=\"robots\" content=\"index, follow, max-snippet:-1, max-image-preview:large, max-video-preview:-1\" \/>\n<link rel=\"canonical\" href=\"https:\/\/aeeolica.org\/en\/about-wind-energy\/strategic-tools\/\" \/>\n<meta property=\"og:locale\" content=\"en_US\" \/>\n<meta property=\"og:type\" content=\"article\" \/>\n<meta property=\"og:title\" content=\"Strategic tools - Asociaci\u00f3n Empresarial E\u00f3lica\" \/>\n<meta property=\"og:description\" content=\"Strategic tools\" \/>\n<meta property=\"og:url\" content=\"https:\/\/aeeolica.org\/en\/about-wind-energy\/strategic-tools\/\" \/>\n<meta property=\"og:site_name\" content=\"Asociaci\u00f3n Empresarial E\u00f3lica\" \/>\n<meta property=\"article:publisher\" content=\"https:\/\/www.facebook.com\/aeeolica\" \/>\n<meta property=\"article:modified_time\" content=\"2026-03-26T09:10:10+00:00\" \/>\n<meta name=\"twitter:card\" content=\"summary_large_image\" \/>\n<meta name=\"twitter:site\" content=\"@aeeolica\" \/>\n<script type=\"application\/ld+json\" class=\"yoast-schema-graph\">{\"@context\":\"https:\/\/schema.org\",\"@graph\":[{\"@type\":\"WebPage\",\"@id\":\"https:\/\/aeeolica.org\/en\/about-wind-energy\/strategic-tools\/\",\"url\":\"https:\/\/aeeolica.org\/en\/about-wind-energy\/strategic-tools\/\",\"name\":\"Strategic tools - Asociaci\u00f3n Empresarial E\u00f3lica\",\"isPartOf\":{\"@id\":\"https:\/\/aeeolica.org\/#website\"},\"datePublished\":\"2026-03-26T09:01:34+00:00\",\"dateModified\":\"2026-03-26T09:10:10+00:00\",\"breadcrumb\":{\"@id\":\"https:\/\/aeeolica.org\/en\/about-wind-energy\/strategic-tools\/#breadcrumb\"},\"inLanguage\":\"en-US\",\"potentialAction\":[{\"@type\":\"ReadAction\",\"target\":[\"https:\/\/aeeolica.org\/en\/about-wind-energy\/strategic-tools\/\"]}]},{\"@type\":\"BreadcrumbList\",\"@id\":\"https:\/\/aeeolica.org\/en\/about-wind-energy\/strategic-tools\/#breadcrumb\",\"itemListElement\":[{\"@type\":\"ListItem\",\"position\":1,\"name\":\"Portada\",\"item\":\"https:\/\/aeeolica.org\/en\/inicio\/\"},{\"@type\":\"ListItem\",\"position\":2,\"name\":\"About Wind Energy\",\"item\":\"https:\/\/aeeolica.org\/en\/about-wind-energy\/\"},{\"@type\":\"ListItem\",\"position\":3,\"name\":\"Strategic tools\"}]},{\"@type\":\"WebSite\",\"@id\":\"https:\/\/aeeolica.org\/#website\",\"url\":\"https:\/\/aeeolica.org\/\",\"name\":\"Asociaci\u00f3n Empresarial E\u00f3lica\",\"description\":\"AEE Asociaci\u00f3n Empresarial E\u00f3lica\",\"publisher\":{\"@id\":\"https:\/\/aeeolica.org\/#organization\"},\"potentialAction\":[{\"@type\":\"SearchAction\",\"target\":{\"@type\":\"EntryPoint\",\"urlTemplate\":\"https:\/\/aeeolica.org\/?s={search_term_string}\"},\"query-input\":{\"@type\":\"PropertyValueSpecification\",\"valueRequired\":true,\"valueName\":\"search_term_string\"}}],\"inLanguage\":\"en-US\"},{\"@type\":\"Organization\",\"@id\":\"https:\/\/aeeolica.org\/#organization\",\"name\":\"Asociaci\u00f3n Empresarial E\u00f3lica\",\"url\":\"https:\/\/aeeolica.org\/\",\"logo\":{\"@type\":\"ImageObject\",\"inLanguage\":\"en-US\",\"@id\":\"https:\/\/aeeolica.org\/#\/schema\/logo\/image\/\",\"url\":\"https:\/\/aeeolica.org\/wp-content\/uploads\/2021\/08\/logo-aee.png\",\"contentUrl\":\"https:\/\/aeeolica.org\/wp-content\/uploads\/2021\/08\/logo-aee.png\",\"width\":180,\"height\":78,\"caption\":\"Asociaci\u00f3n Empresarial E\u00f3lica\"},\"image\":{\"@id\":\"https:\/\/aeeolica.org\/#\/schema\/logo\/image\/\"},\"sameAs\":[\"https:\/\/www.facebook.com\/aeeolica\",\"https:\/\/x.com\/aeeolica\",\"https:\/\/www.instagram.com\/aeeolica\/\",\"https:\/\/www.linkedin.com\/in\/aee-asociaci\u00f3n-empresarial-e\u00f3lica-6830946b\/\",\"https:\/\/www.youtube.com\/user\/AEEolica\"]}]}<\/script>\n<!-- \/ Yoast SEO plugin. -->","yoast_head_json":{"title":"Strategic tools - Asociaci\u00f3n Empresarial E\u00f3lica","robots":{"index":"index","follow":"follow","max-snippet":"max-snippet:-1","max-image-preview":"max-image-preview:large","max-video-preview":"max-video-preview:-1"},"canonical":"https:\/\/aeeolica.org\/en\/about-wind-energy\/strategic-tools\/","og_locale":"en_US","og_type":"article","og_title":"Strategic tools - Asociaci\u00f3n Empresarial E\u00f3lica","og_description":"Strategic tools","og_url":"https:\/\/aeeolica.org\/en\/about-wind-energy\/strategic-tools\/","og_site_name":"Asociaci\u00f3n Empresarial E\u00f3lica","article_publisher":"https:\/\/www.facebook.com\/aeeolica","article_modified_time":"2026-03-26T09:10:10+00:00","twitter_card":"summary_large_image","twitter_site":"@aeeolica","schema":{"@context":"https:\/\/schema.org","@graph":[{"@type":"WebPage","@id":"https:\/\/aeeolica.org\/en\/about-wind-energy\/strategic-tools\/","url":"https:\/\/aeeolica.org\/en\/about-wind-energy\/strategic-tools\/","name":"Strategic tools - Asociaci\u00f3n Empresarial E\u00f3lica","isPartOf":{"@id":"https:\/\/aeeolica.org\/#website"},"datePublished":"2026-03-26T09:01:34+00:00","dateModified":"2026-03-26T09:10:10+00:00","breadcrumb":{"@id":"https:\/\/aeeolica.org\/en\/about-wind-energy\/strategic-tools\/#breadcrumb"},"inLanguage":"en-US","potentialAction":[{"@type":"ReadAction","target":["https:\/\/aeeolica.org\/en\/about-wind-energy\/strategic-tools\/"]}]},{"@type":"BreadcrumbList","@id":"https:\/\/aeeolica.org\/en\/about-wind-energy\/strategic-tools\/#breadcrumb","itemListElement":[{"@type":"ListItem","position":1,"name":"Portada","item":"https:\/\/aeeolica.org\/en\/inicio\/"},{"@type":"ListItem","position":2,"name":"About Wind Energy","item":"https:\/\/aeeolica.org\/en\/about-wind-energy\/"},{"@type":"ListItem","position":3,"name":"Strategic tools"}]},{"@type":"WebSite","@id":"https:\/\/aeeolica.org\/#website","url":"https:\/\/aeeolica.org\/","name":"Asociaci\u00f3n Empresarial E\u00f3lica","description":"AEE Asociaci\u00f3n Empresarial E\u00f3lica","publisher":{"@id":"https:\/\/aeeolica.org\/#organization"},"potentialAction":[{"@type":"SearchAction","target":{"@type":"EntryPoint","urlTemplate":"https:\/\/aeeolica.org\/?s={search_term_string}"},"query-input":{"@type":"PropertyValueSpecification","valueRequired":true,"valueName":"search_term_string"}}],"inLanguage":"en-US"},{"@type":"Organization","@id":"https:\/\/aeeolica.org\/#organization","name":"Asociaci\u00f3n Empresarial E\u00f3lica","url":"https:\/\/aeeolica.org\/","logo":{"@type":"ImageObject","inLanguage":"en-US","@id":"https:\/\/aeeolica.org\/#\/schema\/logo\/image\/","url":"https:\/\/aeeolica.org\/wp-content\/uploads\/2021\/08\/logo-aee.png","contentUrl":"https:\/\/aeeolica.org\/wp-content\/uploads\/2021\/08\/logo-aee.png","width":180,"height":78,"caption":"Asociaci\u00f3n Empresarial E\u00f3lica"},"image":{"@id":"https:\/\/aeeolica.org\/#\/schema\/logo\/image\/"},"sameAs":["https:\/\/www.facebook.com\/aeeolica","https:\/\/x.com\/aeeolica","https:\/\/www.instagram.com\/aeeolica\/","https:\/\/www.linkedin.com\/in\/aee-asociaci\u00f3n-empresarial-e\u00f3lica-6830946b\/","https:\/\/www.youtube.com\/user\/AEEolica"]}]}},"_links":{"self":[{"href":"https:\/\/aeeolica.org\/en\/wp-json\/wp\/v2\/pages\/294285","targetHints":{"allow":["GET"]}}],"collection":[{"href":"https:\/\/aeeolica.org\/en\/wp-json\/wp\/v2\/pages"}],"about":[{"href":"https:\/\/aeeolica.org\/en\/wp-json\/wp\/v2\/types\/page"}],"author":[{"embeddable":true,"href":"https:\/\/aeeolica.org\/en\/wp-json\/wp\/v2\/users\/1"}],"replies":[{"embeddable":true,"href":"https:\/\/aeeolica.org\/en\/wp-json\/wp\/v2\/comments?post=294285"}],"version-history":[{"count":7,"href":"https:\/\/aeeolica.org\/en\/wp-json\/wp\/v2\/pages\/294285\/revisions"}],"predecessor-version":[{"id":294298,"href":"https:\/\/aeeolica.org\/en\/wp-json\/wp\/v2\/pages\/294285\/revisions\/294298"}],"up":[{"embeddable":true,"href":"https:\/\/aeeolica.org\/en\/wp-json\/wp\/v2\/pages\/8398"}],"wp:attachment":[{"href":"https:\/\/aeeolica.org\/en\/wp-json\/wp\/v2\/media?parent=294285"}],"curies":[{"name":"wp","href":"https:\/\/api.w.org\/{rel}","templated":true}]}}