{"id":8439,"date":"2021-04-08T15:17:33","date_gmt":"2021-04-08T15:17:33","guid":{"rendered":"https:\/\/aeeolica.org\/about-wind-energy\/la-eolica-y-el-precio-de-la-luz\/"},"modified":"2026-01-14T11:57:24","modified_gmt":"2026-01-14T10:57:24","slug":"wind-energy-and-the-price-of-light","status":"publish","type":"page","link":"https:\/\/aeeolica.org\/en\/about-wind-energy\/wind-energy-and-the-price-of-light\/","title":{"rendered":"Wind energy and the price of light"},"content":{"rendered":"<p>[et_pb_section fb_built=&#8221;1&#8243; admin_label=&#8221;Header&#8221; _builder_version=&#8221;4.27.4&#8243; background_enable_color=&#8221;off&#8221; use_background_color_gradient=&#8221;on&#8221; background_color_gradient_stops=&#8221;#2c79dd 0%|#2cbfd6 100%&#8221; background_color_gradient_start=&#8221;#2c79dd&#8221; background_color_gradient_end=&#8221;#2cbfd6&#8243; background_image=&#8221;https:\/\/aeeolica.org\/wp-content\/uploads\/2021\/08\/el-equipo-AEE.jpg&#8221; background_position=&#8221;bottom_right&#8221; background_blend=&#8221;multiply&#8221; z_index=&#8221;1&#8243; custom_margin=&#8221;||||false|false&#8221; custom_padding=&#8221;10vw||13vw||false|false&#8221; mix_blend_mode=&#8221;multiply&#8221; hover_enabled=&#8221;0&#8243; custom_css_main_element=&#8221;overflow:hidden;&#8221; box_shadow_style=&#8221;preset7&#8243; box_shadow_horizontal=&#8221;0px&#8221; box_shadow_vertical=&#8221;-6vw&#8221; box_shadow_color=&#8221;#ffffff&#8221; locked=&#8221;off&#8221; global_colors_info=&#8221;{}&#8221; sticky_enabled=&#8221;0&#8243;][et_pb_row use_custom_gutter=&#8221;on&#8221; _builder_version=&#8221;4.16&#8243; z_index=&#8221;10&#8243; width=&#8221;60%&#8221; width_tablet=&#8221;&#8221; width_phone=&#8221;&#8221; width_last_edited=&#8221;on|phone&#8221; max_width=&#8221;600px&#8221; locked=&#8221;off&#8221; global_colors_info=&#8221;{}&#8221; width__hover_enabled=&#8221;off|desktop&#8221;][et_pb_column type=&#8221;4_4&#8243; _builder_version=&#8221;4.16&#8243; global_colors_info=&#8221;{}&#8221;][et_pb_text _builder_version=&#8221;4.27.4&#8243; header_font=&#8221;|300|||||||&#8221; header_text_color=&#8221;#FFFFFF&#8221; header_font_size=&#8221;80px&#8221; header_line_height=&#8221;0.9em&#8221; text_orientation=&#8221;center&#8221; max_width=&#8221;480px&#8221; max_width_tablet=&#8221;350px&#8221; max_width_phone=&#8221;220px&#8221; max_width_last_edited=&#8221;off|desktop&#8221; module_alignment=&#8221;center&#8221; custom_padding=&#8221;|||10px|false|false&#8221; header_font_size_tablet=&#8221;48px&#8221; header_font_size_phone=&#8221;30px&#8221; header_font_size_last_edited=&#8221;on|phone&#8221; border_color_all=&#8221;#FFFFFF&#8221; border_color_left=&#8221;RGBA(0,0,0,0)&#8221; global_colors_info=&#8221;{}&#8221;]<\/p>\n<h1>Wind energy and the <strong>price of light<br \/><\/strong><\/h1>\n<p>[\/et_pb_text][\/et_pb_column][\/et_pb_row][et_pb_row _builder_version=&#8221;4.16&#8243; positioning=&#8221;absolute&#8221; position_origin_a=&#8221;bottom_left&#8221; width=&#8221;100%&#8221; max_width=&#8221;100%&#8221; global_colors_info=&#8221;{}&#8221;][et_pb_column type=&#8221;4_4&#8243; _builder_version=&#8221;4.16&#8243; global_colors_info=&#8221;{}&#8221;][et_pb_image src=&#8221;https:\/\/aeeolica.org\/wp-content\/uploads\/2021\/04\/AEE-logo-aspa-azul.png&#8221; alt=&#8221;AEE&#8221; title_text=&#8221;AEE-logo-aspa-azul&#8221; align=&#8221;right&#8221; admin_label=&#8221;imagen azul&#8221; _builder_version=&#8221;4.16&#8243; positioning=&#8221;absolute&#8221; position_origin_a=&#8221;bottom_right&#8221; z_index=&#8221;47&#8243; width=&#8221;15vw&#8221; custom_margin=&#8221;|-3%|-2%||false|false&#8221; scroll_vertical_motion_enable=&#8221;on&#8221; scroll_vertical_motion=&#8221;0|50|50|100|1|0|-1&#8243; scroll_rotating_enable=&#8221;on&#8221; scroll_rotating=&#8221;0|50|50|100|95\u00b0|0|-95\u00b0&#8221; global_colors_info=&#8221;{}&#8221;][\/et_pb_image][\/et_pb_column][\/et_pb_row][\/et_pb_section][et_pb_section fb_built=&#8221;1&#8243; disabled_on=&#8221;on|off|off&#8221; _builder_version=&#8221;4.16&#8243; _module_preset=&#8221;default&#8221; background_enable_color=&#8221;off&#8221; custom_margin=&#8221;-6%||||false|false&#8221; custom_padding=&#8221;0px||||false|false&#8221; locked=&#8221;off&#8221; global_colors_info=&#8221;{}&#8221;][et_pb_row _builder_version=&#8221;4.16&#8243; _module_preset=&#8221;default&#8221; width=&#8221;100%&#8221; max_width=&#8221;100%&#8221; custom_padding=&#8221;0px||||false|false&#8221; custom_css_main_element=&#8221;z-index:999;&#8221; locked=&#8221;off&#8221; global_colors_info=&#8221;{}&#8221;][et_pb_column type=&#8221;4_4&#8243; _builder_version=&#8221;4.16&#8243; _module_preset=&#8221;default&#8221; global_colors_info=&#8221;{}&#8221;][et_pb_menu menu_id=&#8221;164&#8243; module_class=&#8221;menuSeccion&#8221; _builder_version=&#8221;4.16&#8243; _module_preset=&#8221;default&#8221; global_colors_info=&#8221;{}&#8221;][\/et_pb_menu][\/et_pb_column][\/et_pb_row][\/et_pb_section][et_pb_section fb_built=&#8221;1&#8243; _builder_version=&#8221;4.16&#8243; _module_preset=&#8221;default&#8221; custom_padding=&#8221;0px||||false|false&#8221; locked=&#8221;off&#8221; global_colors_info=&#8221;{}&#8221;][et_pb_row _builder_version=&#8221;4.16&#8243; _module_preset=&#8221;default&#8221; custom_margin=&#8221;0px||30px||false|false&#8221; custom_padding=&#8221;0px||||false|false&#8221; global_colors_info=&#8221;{}&#8221;][et_pb_column type=&#8221;4_4&#8243; _builder_version=&#8221;4.16&#8243; _module_preset=&#8221;default&#8221; global_colors_info=&#8221;{}&#8221;][et_pb_code _builder_version=&#8221;4.27.0&#8243; _module_preset=&#8221;default&#8221; global_colors_info=&#8221;{}&#8221;]<iframe src=\"https:\/\/aeeolica.org\/contadoreolico-en-nuevo\/\" width=\"100%\" height=\"850px\" scrolling=\"no\" frameborder=\"0\" data-initialized-iframe=\"initialized\"><\/iframe>[\/et_pb_code][et_pb_text _builder_version=&#8221;4.16&#8243; _module_preset=&#8221;default&#8221; locked=&#8221;off&#8221; global_colors_info=&#8221;{}&#8221;]<\/p>\n<table border=\"0\" cellpadding=\"0\" cellspacing=\"0\">\n<tbody>\n<tr>\n<td style=\"width: 29px; height: 10px; background-color: #0070cf; padding: 0;\"><\/td>\n<td style=\"padding: 0 5px;\">Predicted demand coverage with wind energy (%)<\/td>\n<\/tr>\n<tr>\n<td style=\"width: 10px; height: 10px; background-color: red; padding: 0;\"><\/td>\n<td style=\"padding: 0 5px;\">Price schedule PVPC (cent\u20ac\/KWh)<\/td>\n<\/tr>\n<\/tbody>\n<\/table>\n<p>[\/et_pb_text][et_pb_text disabled_on=&#8221;off|off|off&#8221; _builder_version=&#8221;4.27.4&#8243; _module_preset=&#8221;default&#8221; header_2_font=&#8221;ZCOOL XiaoWei||||||||&#8221; header_2_text_color=&#8221;#a9804a&#8221; header_2_font_size=&#8221;80px&#8221; header_3_font=&#8221;|300|||||||&#8221; header_3_text_align=&#8221;left&#8221; header_3_text_color=&#8221;#0c71c3&#8243; header_3_font_size=&#8221;38px&#8221; text_orientation=&#8221;center&#8221; max_width_tablet=&#8221;350px&#8221; max_width_phone=&#8221;220px&#8221; max_width_last_edited=&#8221;off|desktop&#8221; module_alignment=&#8221;left&#8221; custom_padding=&#8221;|||30px|false|false&#8221; header_2_font_size_tablet=&#8221;48px&#8221; header_2_font_size_phone=&#8221;30px&#8221; header_2_font_size_last_edited=&#8221;on|phone&#8221; header_3_font_size_tablet=&#8221;32px&#8221; header_3_font_size_phone=&#8221;28px&#8221; header_3_font_size_last_edited=&#8221;on|phone&#8221; border_width_left=&#8221;5px&#8221; border_color_left=&#8221;#0071ce&#8221; locked=&#8221;off&#8221; global_colors_info=&#8221;{}&#8221;]<\/p>\n<h3>Wind energy and the <strong>price of light<\/strong><\/h3>\n<p>[\/et_pb_text][et_pb_accordion _builder_version=&#8221;4.27.4&#8243; _module_preset=&#8221;default&#8221; toggle_text_color=&#8221;#0c71c3&#8243; body_font=&#8221;||||||||&#8221; locked=&#8221;off&#8221; global_colors_info=&#8221;{}&#8221;][et_pb_accordion_item title=&#8221;WHY THE MARKET PRICE LOWERS WITH WIND ENERGY?&#8221; open=&#8221;on&#8221; _builder_version=&#8221;4.27.4&#8243; _module_preset=&#8221;default&#8221; global_colors_info=&#8221;{}&#8221;]<\/p>\n<p>The final cost of the domestic electricity bill depends on three main components: regulated costs, the cost of electricity generation and taxes.<\/p>\n<p>The regulated costs of the system are transportation, distribution, debt payment and interest on the tariff deficit, the incentive paid to large industries to reduce their electricity consumption if necessary (interruptibility), payments for capacity to conventional technologies, incentives for renewables and cogeneration, and extra costs for electricity generation in the islands, where it is more expensive to produce than in the Peninsula.<\/p>\n<p>The cost of energy is set in a competitive market (pool) where the different energy sources offer electricity to meet the expected demand one day in advance. Since the cost of wind is zero, wind power producers can offer electricity at a lower price than others. For this reason, the price of the electricity market falls on windier days, displacing technologies with more expensive fuels. At the end of the month, an average is made with the prices of every day. The higher the proportion of wind energy consumed, the less Spanish people pay on their electricity bill. And vice versa.<\/p>\n<p>The use of wind power instead of fossil fuels has meant savings for the system valued at 47,472 million euros in the period 2012-2024, due to the reduction in the price of the electricity market pool.<\/p>\n<p>[\/et_pb_accordion_item][et_pb_accordion_item title=&#8221;HOW MUCH DOES WIND ENERGY REDUCE THE ELECTRICITY BILL TO SPANISH CONSUMERS AND COMPANIES?&#8221; _builder_version=&#8221;4.27.4&#8243; _module_preset=&#8221;default&#8221; global_colors_info=&#8221;{}&#8221; open=&#8221;off&#8221;]<\/p>\n<p>Wind power generation, which produces electricity at no fuel cost, helps reduce the price of the wholesale electricity market.<\/p>\n<p>The price-reducing effect of wind energy during the period from 2021 to 2024 has been very significant.<\/p>\n<p>Over the past ten years, thanks to wind power, the average annual price of the Spanish electricity market has been between \u20ac5 and \u20ac31 per MWh lower than it would have been if electricity had been generated in fossil fuel thermal power plants.<\/p>\n<p>In 2024, with wholesale electricity prices 28% lower than in 2023, the savings amounted to \u20ac19.88 per MWh. As a result, wind power generation enabled savings of \u20ac4.641 billion for Spanish consumers in 2024. Since 2012, total savings for the system have reached \u20ac47.472 billion.<\/p>\n<p>[\/et_pb_accordion_item][et_pb_accordion_item title=&#8221;WHEN IS THE INFLUENCE OF WIND ENERGY MORE EVIDENT ON THE PRICES OF LIGHT?&#8221; _builder_version=&#8221;4.27.4&#8243; _module_preset=&#8221;default&#8221; global_colors_info=&#8221;{}&#8221; open=&#8221;off&#8221;]<\/p>\n<p>During the windiest months (which coincide with the winter season and the beginning of spring) the market price is lower than in the summer-autumn months, when the wind blows less.<\/p>\n<p>The greater the coverage of electricity demand with wind energy, the lower is the price of electricity for domestic consumers.<\/p>\n<p>[\/et_pb_accordion_item][et_pb_accordion_item title=&#8221;WHAT PERCENTAGE OF THE ELECTRICITY DEMAND IS COVERED BY WIND ENERGY?&#8221; _builder_version=&#8221;4.27.4&#8243; _module_preset=&#8221;default&#8221; global_colors_info=&#8221;{}&#8221; open=&#8221;off&#8221;]<\/p>\n<p>In 2025, wind power covered 24% of mainland electricity demand, making it Spain\u2019s leading source of electricity generation. With 31,679 MW of installed wind capacity, wind energy is the technology with the highest installed capacity and a key pillar of Spain\u2019s energy mix.<\/p>\n<p>[\/et_pb_accordion_item][\/et_pb_accordion][\/et_pb_column][\/et_pb_row][\/et_pb_section]<\/p>\n","protected":false},"excerpt":{"rendered":"<p>Wind energy and the price of light Predicted demand coverage with wind energy (%) Price schedule PVPC (cent\u20ac\/KWh) Wind energy and the price of lightThe final cost of the domestic [&hellip;]<\/p>\n","protected":false},"author":1,"featured_media":0,"parent":8398,"menu_order":0,"comment_status":"closed","ping_status":"closed","template":"","meta":{"_acf_changed":false,"_bbp_topic_count":0,"_bbp_reply_count":0,"_bbp_total_topic_count":0,"_bbp_total_reply_count":0,"_bbp_voice_count":0,"_bbp_anonymous_reply_count":0,"_bbp_topic_count_hidden":0,"_bbp_reply_count_hidden":0,"_bbp_forum_subforum_count":0,"_et_pb_use_builder":"on","_et_pb_old_content":"<!-- wp:divi\/placeholder \/-->","_et_gb_content_width":"","footnotes":""},"class_list":["post-8439","page","type-page","status-publish","hentry"],"acf":[],"yoast_head":"<!-- This site is optimized with the Yoast SEO plugin v27.4 - https:\/\/yoast.com\/product\/yoast-seo-wordpress\/ -->\n<title>Wind energy and the price of light - Asociaci\u00f3n Empresarial E\u00f3lica<\/title>\n<meta name=\"robots\" content=\"index, follow, max-snippet:-1, max-image-preview:large, max-video-preview:-1\" \/>\n<link rel=\"canonical\" href=\"https:\/\/aeeolica.org\/en\/about-wind-energy\/wind-energy-and-the-price-of-light\/\" \/>\n<meta property=\"og:locale\" content=\"en_US\" \/>\n<meta property=\"og:type\" content=\"article\" \/>\n<meta property=\"og:title\" content=\"Wind energy and the price of light - Asociaci\u00f3n Empresarial E\u00f3lica\" \/>\n<meta property=\"og:description\" content=\"Wind energy and the price of light Predicted demand coverage with wind energy (%) Price schedule PVPC (cent\u20ac\/KWh) Wind energy and the price of lightThe final cost of the domestic [&hellip;]\" \/>\n<meta property=\"og:url\" content=\"https:\/\/aeeolica.org\/en\/about-wind-energy\/wind-energy-and-the-price-of-light\/\" \/>\n<meta property=\"og:site_name\" content=\"Asociaci\u00f3n Empresarial E\u00f3lica\" \/>\n<meta property=\"article:publisher\" content=\"https:\/\/www.facebook.com\/aeeolica\" \/>\n<meta property=\"article:modified_time\" content=\"2026-01-14T10:57:24+00:00\" \/>\n<meta name=\"twitter:card\" content=\"summary_large_image\" \/>\n<meta name=\"twitter:site\" content=\"@aeeolica\" \/>\n<meta name=\"twitter:label1\" content=\"Est. reading time\" \/>\n\t<meta name=\"twitter:data1\" content=\"6 minutes\" \/>\n<script type=\"application\/ld+json\" class=\"yoast-schema-graph\">{\"@context\":\"https:\\\/\\\/schema.org\",\"@graph\":[{\"@type\":\"WebPage\",\"@id\":\"https:\\\/\\\/aeeolica.org\\\/en\\\/about-wind-energy\\\/wind-energy-and-the-price-of-light\\\/\",\"url\":\"https:\\\/\\\/aeeolica.org\\\/en\\\/about-wind-energy\\\/wind-energy-and-the-price-of-light\\\/\",\"name\":\"Wind energy and the price of light - Asociaci\u00f3n Empresarial E\u00f3lica\",\"isPartOf\":{\"@id\":\"https:\\\/\\\/aeeolica.org\\\/#website\"},\"datePublished\":\"2021-04-08T15:17:33+00:00\",\"dateModified\":\"2026-01-14T10:57:24+00:00\",\"breadcrumb\":{\"@id\":\"https:\\\/\\\/aeeolica.org\\\/en\\\/about-wind-energy\\\/wind-energy-and-the-price-of-light\\\/#breadcrumb\"},\"inLanguage\":\"en-US\",\"potentialAction\":[{\"@type\":\"ReadAction\",\"target\":[\"https:\\\/\\\/aeeolica.org\\\/en\\\/about-wind-energy\\\/wind-energy-and-the-price-of-light\\\/\"]}]},{\"@type\":\"BreadcrumbList\",\"@id\":\"https:\\\/\\\/aeeolica.org\\\/en\\\/about-wind-energy\\\/wind-energy-and-the-price-of-light\\\/#breadcrumb\",\"itemListElement\":[{\"@type\":\"ListItem\",\"position\":1,\"name\":\"Portada\",\"item\":\"https:\\\/\\\/aeeolica.org\\\/en\\\/inicio\\\/\"},{\"@type\":\"ListItem\",\"position\":2,\"name\":\"About Wind Energy\",\"item\":\"https:\\\/\\\/aeeolica.org\\\/en\\\/about-wind-energy\\\/\"},{\"@type\":\"ListItem\",\"position\":3,\"name\":\"Wind energy and the price of light\"}]},{\"@type\":\"WebSite\",\"@id\":\"https:\\\/\\\/aeeolica.org\\\/#website\",\"url\":\"https:\\\/\\\/aeeolica.org\\\/\",\"name\":\"Asociaci\u00f3n Empresarial E\u00f3lica\",\"description\":\"AEE Asociaci\u00f3n Empresarial E\u00f3lica\",\"publisher\":{\"@id\":\"https:\\\/\\\/aeeolica.org\\\/#organization\"},\"potentialAction\":[{\"@type\":\"SearchAction\",\"target\":{\"@type\":\"EntryPoint\",\"urlTemplate\":\"https:\\\/\\\/aeeolica.org\\\/?s={search_term_string}\"},\"query-input\":{\"@type\":\"PropertyValueSpecification\",\"valueRequired\":true,\"valueName\":\"search_term_string\"}}],\"inLanguage\":\"en-US\"},{\"@type\":\"Organization\",\"@id\":\"https:\\\/\\\/aeeolica.org\\\/#organization\",\"name\":\"Asociaci\u00f3n Empresarial E\u00f3lica\",\"url\":\"https:\\\/\\\/aeeolica.org\\\/\",\"logo\":{\"@type\":\"ImageObject\",\"inLanguage\":\"en-US\",\"@id\":\"https:\\\/\\\/aeeolica.org\\\/#\\\/schema\\\/logo\\\/image\\\/\",\"url\":\"https:\\\/\\\/aeeolica.org\\\/wp-content\\\/uploads\\\/2021\\\/08\\\/logo-aee.png\",\"contentUrl\":\"https:\\\/\\\/aeeolica.org\\\/wp-content\\\/uploads\\\/2021\\\/08\\\/logo-aee.png\",\"width\":180,\"height\":78,\"caption\":\"Asociaci\u00f3n Empresarial E\u00f3lica\"},\"image\":{\"@id\":\"https:\\\/\\\/aeeolica.org\\\/#\\\/schema\\\/logo\\\/image\\\/\"},\"sameAs\":[\"https:\\\/\\\/www.facebook.com\\\/aeeolica\",\"https:\\\/\\\/x.com\\\/aeeolica\",\"https:\\\/\\\/www.instagram.com\\\/aeeolica\\\/\",\"https:\\\/\\\/www.linkedin.com\\\/in\\\/aee-asociaci\u00f3n-empresarial-e\u00f3lica-6830946b\\\/\",\"https:\\\/\\\/www.youtube.com\\\/user\\\/AEEolica\"]}]}<\/script>\n<!-- \/ Yoast SEO plugin. -->","yoast_head_json":{"title":"Wind energy and the price of light - Asociaci\u00f3n Empresarial E\u00f3lica","robots":{"index":"index","follow":"follow","max-snippet":"max-snippet:-1","max-image-preview":"max-image-preview:large","max-video-preview":"max-video-preview:-1"},"canonical":"https:\/\/aeeolica.org\/en\/about-wind-energy\/wind-energy-and-the-price-of-light\/","og_locale":"en_US","og_type":"article","og_title":"Wind energy and the price of light - Asociaci\u00f3n Empresarial E\u00f3lica","og_description":"Wind energy and the price of light Predicted demand coverage with wind energy (%) Price schedule PVPC (cent\u20ac\/KWh) Wind energy and the price of lightThe final cost of the domestic [&hellip;]","og_url":"https:\/\/aeeolica.org\/en\/about-wind-energy\/wind-energy-and-the-price-of-light\/","og_site_name":"Asociaci\u00f3n Empresarial E\u00f3lica","article_publisher":"https:\/\/www.facebook.com\/aeeolica","article_modified_time":"2026-01-14T10:57:24+00:00","twitter_card":"summary_large_image","twitter_site":"@aeeolica","twitter_misc":{"Est. reading time":"6 minutes"},"schema":{"@context":"https:\/\/schema.org","@graph":[{"@type":"WebPage","@id":"https:\/\/aeeolica.org\/en\/about-wind-energy\/wind-energy-and-the-price-of-light\/","url":"https:\/\/aeeolica.org\/en\/about-wind-energy\/wind-energy-and-the-price-of-light\/","name":"Wind energy and the price of light - Asociaci\u00f3n Empresarial E\u00f3lica","isPartOf":{"@id":"https:\/\/aeeolica.org\/#website"},"datePublished":"2021-04-08T15:17:33+00:00","dateModified":"2026-01-14T10:57:24+00:00","breadcrumb":{"@id":"https:\/\/aeeolica.org\/en\/about-wind-energy\/wind-energy-and-the-price-of-light\/#breadcrumb"},"inLanguage":"en-US","potentialAction":[{"@type":"ReadAction","target":["https:\/\/aeeolica.org\/en\/about-wind-energy\/wind-energy-and-the-price-of-light\/"]}]},{"@type":"BreadcrumbList","@id":"https:\/\/aeeolica.org\/en\/about-wind-energy\/wind-energy-and-the-price-of-light\/#breadcrumb","itemListElement":[{"@type":"ListItem","position":1,"name":"Portada","item":"https:\/\/aeeolica.org\/en\/inicio\/"},{"@type":"ListItem","position":2,"name":"About Wind Energy","item":"https:\/\/aeeolica.org\/en\/about-wind-energy\/"},{"@type":"ListItem","position":3,"name":"Wind energy and the price of light"}]},{"@type":"WebSite","@id":"https:\/\/aeeolica.org\/#website","url":"https:\/\/aeeolica.org\/","name":"Asociaci\u00f3n Empresarial E\u00f3lica","description":"AEE Asociaci\u00f3n Empresarial E\u00f3lica","publisher":{"@id":"https:\/\/aeeolica.org\/#organization"},"potentialAction":[{"@type":"SearchAction","target":{"@type":"EntryPoint","urlTemplate":"https:\/\/aeeolica.org\/?s={search_term_string}"},"query-input":{"@type":"PropertyValueSpecification","valueRequired":true,"valueName":"search_term_string"}}],"inLanguage":"en-US"},{"@type":"Organization","@id":"https:\/\/aeeolica.org\/#organization","name":"Asociaci\u00f3n Empresarial E\u00f3lica","url":"https:\/\/aeeolica.org\/","logo":{"@type":"ImageObject","inLanguage":"en-US","@id":"https:\/\/aeeolica.org\/#\/schema\/logo\/image\/","url":"https:\/\/aeeolica.org\/wp-content\/uploads\/2021\/08\/logo-aee.png","contentUrl":"https:\/\/aeeolica.org\/wp-content\/uploads\/2021\/08\/logo-aee.png","width":180,"height":78,"caption":"Asociaci\u00f3n Empresarial E\u00f3lica"},"image":{"@id":"https:\/\/aeeolica.org\/#\/schema\/logo\/image\/"},"sameAs":["https:\/\/www.facebook.com\/aeeolica","https:\/\/x.com\/aeeolica","https:\/\/www.instagram.com\/aeeolica\/","https:\/\/www.linkedin.com\/in\/aee-asociaci\u00f3n-empresarial-e\u00f3lica-6830946b\/","https:\/\/www.youtube.com\/user\/AEEolica"]}]}},"_links":{"self":[{"href":"https:\/\/aeeolica.org\/en\/wp-json\/wp\/v2\/pages\/8439","targetHints":{"allow":["GET"]}}],"collection":[{"href":"https:\/\/aeeolica.org\/en\/wp-json\/wp\/v2\/pages"}],"about":[{"href":"https:\/\/aeeolica.org\/en\/wp-json\/wp\/v2\/types\/page"}],"author":[{"embeddable":true,"href":"https:\/\/aeeolica.org\/en\/wp-json\/wp\/v2\/users\/1"}],"replies":[{"embeddable":true,"href":"https:\/\/aeeolica.org\/en\/wp-json\/wp\/v2\/comments?post=8439"}],"version-history":[{"count":4,"href":"https:\/\/aeeolica.org\/en\/wp-json\/wp\/v2\/pages\/8439\/revisions"}],"predecessor-version":[{"id":291100,"href":"https:\/\/aeeolica.org\/en\/wp-json\/wp\/v2\/pages\/8439\/revisions\/291100"}],"up":[{"embeddable":true,"href":"https:\/\/aeeolica.org\/en\/wp-json\/wp\/v2\/pages\/8398"}],"wp:attachment":[{"href":"https:\/\/aeeolica.org\/en\/wp-json\/wp\/v2\/media?parent=8439"}],"curies":[{"name":"wp","href":"https:\/\/api.w.org\/{rel}","templated":true}]}}