{"id":9214,"date":"2021-03-02T18:07:24","date_gmt":"2021-03-02T18:07:24","guid":{"rendered":"https:\/\/aeeolica.org\/about-aee\/la-junta-directiva\/"},"modified":"2026-02-11T19:01:50","modified_gmt":"2026-02-11T18:01:50","slug":"board-of-directors","status":"publish","type":"page","link":"https:\/\/aeeolica.org\/en\/about-aee\/board-of-directors\/","title":{"rendered":"Board of Directors"},"content":{"rendered":"<p>[et_pb_section fb_built=&#8221;1&#8243; admin_label=&#8221;Header&#8221; _builder_version=&#8221;4.27.4&#8243; background_enable_color=&#8221;off&#8221; use_background_color_gradient=&#8221;on&#8221; background_color_gradient_stops=&#8221;#2c79dd 0%|#2cbfd6 100%&#8221; background_color_gradient_start=&#8221;#2c79dd&#8221; background_color_gradient_end=&#8221;#2cbfd6&#8243; background_image=&#8221;https:\/\/aeeolica.org\/wp-content\/uploads\/2021\/04\/Antxon-Ayestaran_Ilunabarra.jpg&#8221; background_repeat=&#8221;repeat&#8221; background_blend=&#8221;multiply&#8221; z_index=&#8221;1&#8243; custom_margin=&#8221;||||false|false&#8221; custom_padding=&#8221;10vw||13vw||false|false&#8221; mix_blend_mode=&#8221;multiply&#8221; custom_css_main_element=&#8221;overflow:hidden;&#8221; box_shadow_style=&#8221;preset7&#8243; box_shadow_horizontal=&#8221;0px&#8221; box_shadow_vertical=&#8221;-6vw&#8221; box_shadow_color=&#8221;#ffffff&#8221; locked=&#8221;off&#8221; global_colors_info=&#8221;{}&#8221;][et_pb_row use_custom_gutter=&#8221;on&#8221; _builder_version=&#8221;4.16&#8243; z_index=&#8221;10&#8243; width=&#8221;60%&#8221; width_tablet=&#8221;&#8221; width_phone=&#8221;&#8221; width_last_edited=&#8221;on|phone&#8221; max_width=&#8221;600px&#8221; locked=&#8221;off&#8221; global_colors_info=&#8221;{}&#8221; width__hover_enabled=&#8221;off|desktop&#8221;][et_pb_column type=&#8221;4_4&#8243; _builder_version=&#8221;4.16&#8243; global_colors_info=&#8221;{}&#8221;][et_pb_text _builder_version=&#8221;4.16&#8243; header_font=&#8221;|300|||||||&#8221; header_text_color=&#8221;#FFFFFF&#8221; header_font_size=&#8221;80px&#8221; header_line_height=&#8221;0.9em&#8221; text_orientation=&#8221;center&#8221; max_width_tablet=&#8221;350px&#8221; max_width_phone=&#8221;220px&#8221; max_width_last_edited=&#8221;off|desktop&#8221; module_alignment=&#8221;center&#8221; custom_padding=&#8221;|||10px|false|false&#8221; header_font_size_tablet=&#8221;48px&#8221; header_font_size_phone=&#8221;30px&#8221; header_font_size_last_edited=&#8221;on|phone&#8221; border_color_all=&#8221;#FFFFFF&#8221; border_color_left=&#8221;RGBA(0,0,0,0)&#8221; global_colors_info=&#8221;{}&#8221;]<\/p>\n<h1>Board of<br \/>\n<strong>Directors<\/strong><\/h1>\n<p>[\/et_pb_text][\/et_pb_column][\/et_pb_row][et_pb_row _builder_version=&#8221;4.16&#8243; positioning=&#8221;absolute&#8221; position_origin_a=&#8221;bottom_left&#8221; width=&#8221;100%&#8221; max_width=&#8221;100%&#8221; global_colors_info=&#8221;{}&#8221;][et_pb_column type=&#8221;4_4&#8243; _builder_version=&#8221;4.16&#8243; global_colors_info=&#8221;{}&#8221;][et_pb_image src=&#8221;https:\/\/aeeolica.org\/wp-content\/uploads\/2021\/04\/AEE-logo-aspa-azul.png&#8221; alt=&#8221;AEE&#8221; title_text=&#8221;AEE-logo-aspa-azul&#8221; align=&#8221;right&#8221; admin_label=&#8221;imagen azul&#8221; _builder_version=&#8221;4.16&#8243; positioning=&#8221;absolute&#8221; position_origin_a=&#8221;bottom_right&#8221; z_index=&#8221;47&#8243; width=&#8221;15vw&#8221; custom_margin=&#8221;|-3%|-2%||false|false&#8221; scroll_vertical_motion_enable=&#8221;on&#8221; scroll_vertical_motion=&#8221;0|50|50|100|1|0|-1&#8243; scroll_rotating_enable=&#8221;on&#8221; scroll_rotating=&#8221;0|50|50|100|95\u00b0|0|-95\u00b0&#8221; global_colors_info=&#8221;{}&#8221;][\/et_pb_image][\/et_pb_column][\/et_pb_row][\/et_pb_section][et_pb_section fb_built=&#8221;1&#8243; disabled_on=&#8221;on|off|off&#8221; _builder_version=&#8221;4.16&#8243; _module_preset=&#8221;default&#8221; background_enable_color=&#8221;off&#8221; custom_margin=&#8221;-6%||||false|false&#8221; custom_padding=&#8221;0px||||false|false&#8221; locked=&#8221;off&#8221; global_colors_info=&#8221;{}&#8221;][et_pb_row _builder_version=&#8221;4.16&#8243; _module_preset=&#8221;default&#8221; width=&#8221;100%&#8221; max_width=&#8221;100%&#8221; custom_padding=&#8221;0px||||false|false&#8221; custom_css_main_element=&#8221;z-index:999;&#8221; global_colors_info=&#8221;{}&#8221;][et_pb_column type=&#8221;4_4&#8243; _builder_version=&#8221;4.16&#8243; _module_preset=&#8221;default&#8221; global_colors_info=&#8221;{}&#8221;][et_pb_menu menu_id=&#8221;157&#8243; module_class=&#8221;menuSeccion&#8221; _builder_version=&#8221;4.16&#8243; _module_preset=&#8221;default&#8221; global_colors_info=&#8221;{}&#8221;][\/et_pb_menu][\/et_pb_column][\/et_pb_row][\/et_pb_section][et_pb_section fb_built=&#8221;1&#8243; _builder_version=&#8221;4.16&#8243; _module_preset=&#8221;default&#8221; custom_margin=&#8221;0px||||false|false&#8221; custom_padding=&#8221;0px||||false|false&#8221; global_colors_info=&#8221;{}&#8221;][et_pb_row _builder_version=&#8221;4.16&#8243; _module_preset=&#8221;default&#8221; custom_margin=&#8221;0px||||false|false&#8221; custom_padding=&#8221;0px||||false|false&#8221; global_colors_info=&#8221;{}&#8221;][et_pb_column type=&#8221;4_4&#8243; _builder_version=&#8221;4.16&#8243; _module_preset=&#8221;default&#8221; global_colors_info=&#8221;{}&#8221;][et_pb_text _builder_version=&#8221;4.27.4&#8243; _module_preset=&#8221;default&#8221; text_font=&#8221;|300|||||||&#8221; hover_enabled=&#8221;0&#8243; global_colors_info=&#8221;{}&#8221; sticky_enabled=&#8221;0&#8243;]<\/p>\n<p><!--td {border: 1px solid #cccccc;}br {mso-data-placement:same-cell;}--><\/p>\n<table cellspacing=\"0\" cellpadding=\"0\" dir=\"ltr\" border=\"1\">\n<tbody>\n<tr>\n<td>Ms. ROC\u00cdO SICRE DEL ROSAL<\/td>\n<td class=\"tabladeempresa\">EDP RENOVABLES ESPA\u00d1A, S.L.<\/td>\n<td>President*<\/td>\n<\/tr>\n<tr>\n<td>Ms. SILVIA ENCINAS<\/td>\n<td class=\"tabladeempresa\">EDP RENOVABLES ESPA\u00d1A, S.L.<\/td>\n<td>Vicepresident*<\/td>\n<\/tr>\n<tr>\n<td>Mr. PABLO ALCARAZ MARTA<\/td>\n<td class=\"tabladeempresa\">CE\u00d3LICA HISPANIA, S.L. (ACCIONA)<\/td>\n<td>Vicepresident*<\/td>\n<\/tr>\n<tr>\n<td>Mr. LUIS MART\u00cd \u00c1LVAREZ<\/td>\n<td class=\"tabladeempresa\">CE\u00d3LICA HISPANIA, S.L. (ACCIONA)<\/td>\n<td>Substitute<\/td>\n<\/tr>\n<tr>\n<td>Mr. JAVIER RODR\u00cdGUEZ DOM\u00cdNGUEZ<\/td>\n<td class=\"tabladeempresa\">ENDESA, S.A.<\/td>\n<td>Vicepresident*<\/td>\n<\/tr>\n<tr>\n<td>Ms. SARA BENDITO ARIAS<\/td>\n<td class=\"tabladeempresa\">ENDESA, S.A.<\/td>\n<td>Substitute<\/td>\n<\/tr>\n<tr>\n<td>Mr. FERM\u00cdN MATESANZ POSTIGO<\/td>\n<td class=\"tabladeempresa\">EOLIA RENOVABLES DE INVERSIONES, SCR, S.A.<\/td>\n<td>Vicepresident*<\/td>\n<\/tr>\n<tr>\n<td>Mr. DANIEL FERN\u00c1NDEZ ALONSO<\/td>\n<td class=\"tabladeempresa\">EOLIA RENOVABLES DE INVERSIONES, SCR, S.A.<\/td>\n<td>Substitute<\/td>\n<\/tr>\n<tr>\n<td>Ms. CONSUELO \u00c1LVAREZ PE\u00d1A<\/td>\n<td class=\"tabladeempresa\">IBERDROLA RENOVABLES ENERG\u00cdA, S.A.<\/td>\n<td>Vicepresident*<\/td>\n<\/tr>\n<tr>\n<td>Mr. JOS\u00c9 LUIS ADANERO L\u00d3PEZ<\/td>\n<td class=\"tabladeempresa\">IBERDROLA RENOVABLES ENERG\u00cdA, S.A.<\/td>\n<td>Substitute<\/td>\n<\/tr>\n<tr>\n<td>Mr. JORGE MART\u00cdNEZ<\/td>\n<td class=\"tabladeempresa\">NADARA SERVICES SPAIN, S.L.<\/td>\n<td>Vicepresident*<\/td>\n<\/tr>\n<tr>\n<td>Mr. JUAN ANTONIO BLANCO S\u00c1ENZ \u2013 GIM\u00c9NEZ AZC\u00c1RATE<\/td>\n<td class=\"tabladeempresa\">NADARA SERVICES SPAIN, S.L.<\/td>\n<td>Substitute<\/td>\n<\/tr>\n<tr>\n<td>Mr. JUAN FERRERO CARBAJO<\/td>\n<td class=\"tabladeempresa\">NATURGY<\/td>\n<td>Vicepresident*<\/td>\n<\/tr>\n<tr>\n<td>Ms. SUSANA MORATILLA LAGAR<\/td>\n<td class=\"tabladeempresa\">NATURGY<\/td>\n<td>Substitute<\/td>\n<\/tr>\n<tr>\n<td>Mr. TOM\u00c1S ROMAGOSA CABEZUDO<\/td>\n<td class=\"tabladeempresa\">RWE RENEWABLES IBERIA, S.A.U.<\/td>\n<td>Vicepresident*<\/td>\n<\/tr>\n<tr>\n<td>Ms. MERCEDES CASADO<\/td>\n<td class=\"tabladeempresa\">RWE RENEWABLES IBERIA, S.A.U.<\/td>\n<td>Substitute<\/td>\n<\/tr>\n<tr>\n<td>Mr. JUAN DIEGO D\u00cdAZ VEGA<\/td>\n<td class=\"tabladeempresa\">SIEMENS GAMESA RENEWABLE ENERGY<\/td>\n<td>Vicepresident*<\/td>\n<\/tr>\n<tr>\n<td>Ms. CAROLINA CLEMENTE SASTRIQUES<\/td>\n<td class=\"tabladeempresa\">SIEMENS GAMESA RENEWABLE ENERGY<\/td>\n<td>Substitute<\/td>\n<\/tr>\n<tr>\n<td>Mr. JOS\u00c9 LUIS DEL CERRO RICO<\/td>\n<td class=\"tabladeempresa\">VESTAS E\u00d3LICA, S.A.U.<\/td>\n<td>Vicepresident*<\/td>\n<\/tr>\n<tr>\n<td>Mr. ADRI\u00c1N MURIEL CARRASCO<\/td>\n<td class=\"tabladeempresa\">VESTAS E\u00d3LICA, S.A.U.<\/td>\n<td>Substitute<\/td>\n<\/tr>\n<tr>\n<td>Mr. JOS\u00c9 IGNACIO HORMAECHE AZUMENDI<\/td>\n<td class=\"tabladeempresa\">ASOCIACI\u00d3N CL\u00daSTER DE ENERG\u00cdA DEL PA\u00cdS VASCO (ACE)<\/td>\n<td>Member<\/td>\n<\/tr>\n<tr>\n<td>Mr. IKER CHASCO<\/td>\n<td class=\"tabladeempresa\">ASOCIACI\u00d3N DE EMPRESAS DEL SECTOR E\u00d3LICO DE NAVARRA (ENERCLUSTER)<\/td>\n<td>Member<\/td>\n<\/tr>\n<tr>\n<td>Ms. GEMMA GARC\u00cdA-PELAYO JURADO<\/td>\n<td class=\"tabladeempresa\">ASOCIACI\u00d3N DE ENERG\u00cdAS RENOVABLES DE ANDALUC\u00cdA (CLANER)<\/td>\n<td>Member<\/td>\n<\/tr>\n<tr>\n<td>Mr. EUGENIO GARC\u00cdA TEJERINA<\/td>\n<td class=\"tabladeempresa\">ASOCIACI\u00d3N DE PROMOTORES DE ENERG\u00cdA E\u00d3LICA DE CASTILLA Y LE\u00d3N (APECYL)<\/td>\n<td>Member<\/td>\n<\/tr>\n<tr>\n<td>Mr. JAVIER GRACIA BERNAL<\/td>\n<td class=\"tabladeempresa\">ASOCIACI\u00d3N DE PROMOTORES DE ENERG\u00cdA E\u00d3LICA DE CASTILLA Y LE\u00d3N (APECYL)<\/td>\n<td>Substitute<\/td>\n<\/tr>\n<tr>\n<td>Mr. RA\u00daL MAC\u00cdAS JARE\u00d1O<\/td>\n<td class=\"tabladeempresa\">ASOCIACI\u00d3N E\u00d3LICA CANARIA (AEOLICAN)<\/td>\n<td>Member<\/td>\n<\/tr>\n<tr>\n<td>Ms. MARTA HERN\u00c1NDEZ LLOPIS<\/td>\n<td class=\"tabladeempresa\">ASOCIACI\u00d3N E\u00d3LICA CANARIA (AEOLICAN)<\/td>\n<td>Substitute<\/td>\n<\/tr>\n<tr>\n<td>Mr. JUAN DAVID ABASCAL SAGREDO<\/td>\n<td class=\"tabladeempresa\">ASOCIACI\u00d3N E\u00d3LICA DE CANTABRIA<\/td>\n<td>Member<\/td>\n<\/tr>\n<tr>\n<td>Mr. V\u00cdCTOR CUS\u00cd<\/td>\n<td class=\"tabladeempresa\">ASSOCIACI\u00d3 E\u00d2LICA DE CATALUNYA (EOLICCAT)<\/td>\n<td>Member<\/td>\n<\/tr>\n<tr>\n<td>Mr. JOS\u00c9 MANUEL PAZO PANIAGUA<\/td>\n<td class=\"tabladeempresa\">ASOCIACI\u00d3N E\u00d3LICA DE GALICIA (EGA)<\/td>\n<td>Member<\/td>\n<\/tr>\n<tr>\n<td>Ms. CRISTINA PEDROSA LEIS<\/td>\n<td class=\"tabladeempresa\">ASOCIACI\u00d3N E\u00d3LICA DE GALICIA (EGA)<\/td>\n<td>Substitute<\/td>\n<\/tr>\n<tr>\n<td>Mr. JAVIER MART\u00cdNEZ SUTIL<\/td>\n<td class=\"tabladeempresa\">ASOCIACI\u00d3N E\u00d3LICA DEL PRINCIPADO DE ASTURIAS (AEPA)<\/td>\n<td>Member<\/td>\n<\/tr>\n<tr>\n<td>Ms. MARTA \u00c1LVAREZ DE LINERA<\/td>\n<td class=\"tabladeempresa\">ASOCIACI\u00d3N E\u00d3LICA DEL PRINCIPADO DE ASTURIAS (AEPA)<\/td>\n<td>Substitute<\/td>\n<\/tr>\n<tr>\n<td>Mr. MIGUEL S\u00c1NCHEZ &#8211; PRAENA FERRER<\/td>\n<td class=\"tabladeempresa\">ALTANO ENERGY, S.L.<\/td>\n<td>Member<\/td>\n<\/tr>\n<tr>\n<td>Mr. IGNACIO S\u00c1NCHEZ-JUNCO AYALA<\/td>\n<td class=\"tabladeempresa\">ALTANO ENERGY, S.L.<\/td>\n<td>Substitute<\/td>\n<\/tr>\n<tr>\n<td>Mr. JULI\u00c1N O\u00d1ATE BARBERO<\/td>\n<td class=\"tabladeempresa\">APPLUS NORCONTROL, S.L.U.<\/td>\n<td>Member<\/td>\n<\/tr>\n<tr>\n<td>Mr. SANTIAGO RODR\u00cdGUEZ GUTI\u00c9RREZ<\/td>\n<td class=\"tabladeempresa\">APPLUS NORCONTROL, S.L.U.<\/td>\n<td>Substitute<\/td>\n<\/tr>\n<tr>\n<td>Mr. GABRIEL AGUIL\u00d3 ZAPATERO<\/td>\n<td class=\"tabladeempresa\">AXPO IBERIA, S.L.<\/td>\n<td>Member<\/td>\n<\/tr>\n<tr>\n<td>Mr. JOS\u00c9 LUIS NOVO \u00c1LVAREZ<\/td>\n<td class=\"tabladeempresa\">AXPO IBERIA, S.L.<\/td>\n<td>Substitute<\/td>\n<\/tr>\n<tr>\n<td>Mr. FRANCISCO JAVIER PRADOS MATEOS<\/td>\n<td class=\"tabladeempresa\">COPENHAGEN INFRASTRUCTURE PARTNERS (CIP)<\/td>\n<td>Member<\/td>\n<\/tr>\n<tr>\n<td>Mr. JAVIER VILLALBA<\/td>\n<td class=\"tabladeempresa\">COPENHAGEN INFRASTRUCTURE PARTNERS (CIP)<\/td>\n<td>Substitute<\/td>\n<\/tr>\n<tr>\n<td>Ms. ELENA MART\u00cdNEZ MART\u00cdNEZ<\/td>\n<td class=\"tabladeempresa\">GE WIND ENERGY GMBH<\/td>\n<td>Member<\/td>\n<\/tr>\n<tr>\n<td>Ms. BLANCA MONTEAGUDO MEZO<\/td>\n<td class=\"tabladeempresa\">GE WIND ENERGY GMBH<\/td>\n<td>Substitute<\/td>\n<\/tr>\n<tr>\n<td>Mr. URKO IRAZABAL PUELLES<\/td>\n<td class=\"tabladeempresa\">LAULAGUN BEARINGS, S.L.<\/td>\n<td>Member<\/td>\n<\/tr>\n<tr>\n<td>Mr. AITOR ZURUTUZA SANTA CRUZ<\/td>\n<td class=\"tabladeempresa\">LAULAGUN BEARINGS, S.L.<\/td>\n<td>Substitute<\/td>\n<\/tr>\n<tr>\n<td>Mr. ENEKO SOLA GARC\u00cdA<\/td>\n<td class=\"tabladeempresa\">NABRAWIND TECHNOLOGIES, S.L.U.<\/td>\n<td>Member<\/td>\n<\/tr>\n<tr>\n<td>Mr. ENEKO SANZ PASCUAL<\/td>\n<td class=\"tabladeempresa\">NABRAWIND TECHNOLOGIES, S.L.U.<\/td>\n<td>Substitute<\/td>\n<\/tr>\n<tr>\n<td>Mr. GUILLERMO AMANN ALDECOA<\/td>\n<td class=\"tabladeempresa\">ORMAZABAL ELECTRIC, S.L.U.<\/td>\n<td>Member<\/td>\n<\/tr>\n<tr>\n<td>Ms. VICTORIA TORRICO<\/td>\n<td class=\"tabladeempresa\">ORMAZABAL ELECTRIC, S.L.U.<\/td>\n<td>Substitute<\/td>\n<\/tr>\n<tr>\n<td>Ms. LAURA ROL RUA<\/td>\n<td class=\"tabladeempresa\">REPSOL GENERACI\u00d3N EL\u00c9CTRICA<\/td>\n<td>Member<\/td>\n<\/tr>\n<tr>\n<td>Ms. TERESA BALLESTEROS BARBAS<\/td>\n<td class=\"tabladeempresa\">REPSOL GENERACI\u00d3N EL\u00c9CTRICA<\/td>\n<td>Substitute<\/td>\n<\/tr>\n<tr>\n<td>Ms. \u00c1NGELES MORA S\u00c1NCHEZ<\/td>\n<td class=\"tabladeempresa\">SSE RENOVABLES<\/td>\n<td>Member<\/td>\n<\/tr>\n<tr>\n<td>Mr. JUAN BARREIRO<\/td>\n<td class=\"tabladeempresa\">SSE RENOVABLES<\/td>\n<td>Substitute<\/td>\n<\/tr>\n<tr>\n<td>Mr. RODRIGO \u00c1LVAREZ \u00c1LVAREZ<\/td>\n<td class=\"tabladeempresa\">STATKRAFT DEVELOPMENT SPAIN, S.L.<\/td>\n<td>Member<\/td>\n<\/tr>\n<tr>\n<td>Ms. NATALIA S\u00c1NCHEZ RODR\u00cdGUEZ<\/td>\n<td class=\"tabladeempresa\">STATKRAFT DEVELOPMENT SPAIN, S.L.<\/td>\n<td>Substitute<\/td>\n<\/tr>\n<tr>\n<td>Mr. FERNANDO CALANCHA MARZANA<\/td>\n<td class=\"tabladeempresa\"><\/td>\n<td>Secretario de la Junta Directiva*<\/td>\n<\/tr>\n<\/tbody>\n<\/table>\n<p>[\/et_pb_text][et_pb_text _builder_version=&#8221;4.16&#8243; _module_preset=&#8221;default&#8221; global_colors_info=&#8221;{}&#8221;]* Componentes de la Comisi\u00f3n Ejecutiva[\/et_pb_text][\/et_pb_column][\/et_pb_row][\/et_pb_section]<\/p>\n","protected":false},"excerpt":{"rendered":"<p>Board of Directors Ms. ROC\u00cdO SICRE DEL ROSAL EDP RENOVABLES ESPA\u00d1A, S.L. President* Ms. SILVIA ENCINAS EDP RENOVABLES ESPA\u00d1A, S.L. Vicepresident* Mr. PABLO ALCARAZ MARTA CE\u00d3LICA HISPANIA, S.L. (ACCIONA) Vicepresident* [&hellip;]<\/p>\n","protected":false},"author":1,"featured_media":0,"parent":8333,"menu_order":0,"comment_status":"closed","ping_status":"closed","template":"","meta":{"_acf_changed":false,"_bbp_topic_count":0,"_bbp_reply_count":0,"_bbp_total_topic_count":0,"_bbp_total_reply_count":0,"_bbp_voice_count":0,"_bbp_anonymous_reply_count":0,"_bbp_topic_count_hidden":0,"_bbp_reply_count_hidden":0,"_bbp_forum_subforum_count":0,"_et_pb_use_builder":"on","_et_pb_old_content":"","_et_gb_content_width":"","footnotes":""},"class_list":["post-9214","page","type-page","status-publish","hentry"],"acf":[],"yoast_head":"<!-- This site is optimized with the Yoast SEO plugin v27.4 - https:\/\/yoast.com\/product\/yoast-seo-wordpress\/ -->\n<title>Board of Directors - Asociaci\u00f3n Empresarial E\u00f3lica<\/title>\n<meta name=\"robots\" content=\"index, follow, max-snippet:-1, max-image-preview:large, max-video-preview:-1\" \/>\n<link rel=\"canonical\" href=\"https:\/\/aeeolica.org\/en\/about-aee\/board-of-directors\/\" \/>\n<meta property=\"og:locale\" content=\"en_US\" \/>\n<meta property=\"og:type\" content=\"article\" \/>\n<meta property=\"og:title\" content=\"Board of Directors - Asociaci\u00f3n Empresarial E\u00f3lica\" \/>\n<meta property=\"og:description\" content=\"Board of Directors Ms. ROC\u00cdO SICRE DEL ROSAL EDP RENOVABLES ESPA\u00d1A, S.L. President* Ms. SILVIA ENCINAS EDP RENOVABLES ESPA\u00d1A, S.L. Vicepresident* Mr. PABLO ALCARAZ MARTA CE\u00d3LICA HISPANIA, S.L. (ACCIONA) Vicepresident* [&hellip;]\" \/>\n<meta property=\"og:url\" content=\"https:\/\/aeeolica.org\/en\/about-aee\/board-of-directors\/\" \/>\n<meta property=\"og:site_name\" content=\"Asociaci\u00f3n Empresarial E\u00f3lica\" \/>\n<meta property=\"article:publisher\" content=\"https:\/\/www.facebook.com\/aeeolica\" \/>\n<meta property=\"article:modified_time\" content=\"2026-02-11T18:01:50+00:00\" \/>\n<meta name=\"twitter:card\" content=\"summary_large_image\" \/>\n<meta name=\"twitter:site\" content=\"@aeeolica\" \/>\n<meta name=\"twitter:label1\" content=\"Est. reading time\" \/>\n\t<meta name=\"twitter:data1\" content=\"6 minutes\" \/>\n<script type=\"application\/ld+json\" class=\"yoast-schema-graph\">{\"@context\":\"https:\\\/\\\/schema.org\",\"@graph\":[{\"@type\":\"WebPage\",\"@id\":\"https:\\\/\\\/aeeolica.org\\\/en\\\/about-aee\\\/board-of-directors\\\/\",\"url\":\"https:\\\/\\\/aeeolica.org\\\/en\\\/about-aee\\\/board-of-directors\\\/\",\"name\":\"Board of Directors - Asociaci\u00f3n Empresarial E\u00f3lica\",\"isPartOf\":{\"@id\":\"https:\\\/\\\/aeeolica.org\\\/#website\"},\"datePublished\":\"2021-03-02T18:07:24+00:00\",\"dateModified\":\"2026-02-11T18:01:50+00:00\",\"breadcrumb\":{\"@id\":\"https:\\\/\\\/aeeolica.org\\\/en\\\/about-aee\\\/board-of-directors\\\/#breadcrumb\"},\"inLanguage\":\"en-US\",\"potentialAction\":[{\"@type\":\"ReadAction\",\"target\":[\"https:\\\/\\\/aeeolica.org\\\/en\\\/about-aee\\\/board-of-directors\\\/\"]}]},{\"@type\":\"BreadcrumbList\",\"@id\":\"https:\\\/\\\/aeeolica.org\\\/en\\\/about-aee\\\/board-of-directors\\\/#breadcrumb\",\"itemListElement\":[{\"@type\":\"ListItem\",\"position\":1,\"name\":\"Portada\",\"item\":\"https:\\\/\\\/aeeolica.org\\\/en\\\/inicio\\\/\"},{\"@type\":\"ListItem\",\"position\":2,\"name\":\"About AEE\",\"item\":\"https:\\\/\\\/aeeolica.org\\\/en\\\/about-aee\\\/\"},{\"@type\":\"ListItem\",\"position\":3,\"name\":\"Board of Directors\"}]},{\"@type\":\"WebSite\",\"@id\":\"https:\\\/\\\/aeeolica.org\\\/#website\",\"url\":\"https:\\\/\\\/aeeolica.org\\\/\",\"name\":\"Asociaci\u00f3n Empresarial E\u00f3lica\",\"description\":\"AEE Asociaci\u00f3n Empresarial E\u00f3lica\",\"publisher\":{\"@id\":\"https:\\\/\\\/aeeolica.org\\\/#organization\"},\"potentialAction\":[{\"@type\":\"SearchAction\",\"target\":{\"@type\":\"EntryPoint\",\"urlTemplate\":\"https:\\\/\\\/aeeolica.org\\\/?s={search_term_string}\"},\"query-input\":{\"@type\":\"PropertyValueSpecification\",\"valueRequired\":true,\"valueName\":\"search_term_string\"}}],\"inLanguage\":\"en-US\"},{\"@type\":\"Organization\",\"@id\":\"https:\\\/\\\/aeeolica.org\\\/#organization\",\"name\":\"Asociaci\u00f3n Empresarial E\u00f3lica\",\"url\":\"https:\\\/\\\/aeeolica.org\\\/\",\"logo\":{\"@type\":\"ImageObject\",\"inLanguage\":\"en-US\",\"@id\":\"https:\\\/\\\/aeeolica.org\\\/#\\\/schema\\\/logo\\\/image\\\/\",\"url\":\"https:\\\/\\\/aeeolica.org\\\/wp-content\\\/uploads\\\/2021\\\/08\\\/logo-aee.png\",\"contentUrl\":\"https:\\\/\\\/aeeolica.org\\\/wp-content\\\/uploads\\\/2021\\\/08\\\/logo-aee.png\",\"width\":180,\"height\":78,\"caption\":\"Asociaci\u00f3n Empresarial E\u00f3lica\"},\"image\":{\"@id\":\"https:\\\/\\\/aeeolica.org\\\/#\\\/schema\\\/logo\\\/image\\\/\"},\"sameAs\":[\"https:\\\/\\\/www.facebook.com\\\/aeeolica\",\"https:\\\/\\\/x.com\\\/aeeolica\",\"https:\\\/\\\/www.instagram.com\\\/aeeolica\\\/\",\"https:\\\/\\\/www.linkedin.com\\\/in\\\/aee-asociaci\u00f3n-empresarial-e\u00f3lica-6830946b\\\/\",\"https:\\\/\\\/www.youtube.com\\\/user\\\/AEEolica\"]}]}<\/script>\n<!-- \/ Yoast SEO plugin. -->","yoast_head_json":{"title":"Board of Directors - Asociaci\u00f3n Empresarial E\u00f3lica","robots":{"index":"index","follow":"follow","max-snippet":"max-snippet:-1","max-image-preview":"max-image-preview:large","max-video-preview":"max-video-preview:-1"},"canonical":"https:\/\/aeeolica.org\/en\/about-aee\/board-of-directors\/","og_locale":"en_US","og_type":"article","og_title":"Board of Directors - Asociaci\u00f3n Empresarial E\u00f3lica","og_description":"Board of Directors Ms. ROC\u00cdO SICRE DEL ROSAL EDP RENOVABLES ESPA\u00d1A, S.L. President* Ms. SILVIA ENCINAS EDP RENOVABLES ESPA\u00d1A, S.L. Vicepresident* Mr. PABLO ALCARAZ MARTA CE\u00d3LICA HISPANIA, S.L. (ACCIONA) Vicepresident* [&hellip;]","og_url":"https:\/\/aeeolica.org\/en\/about-aee\/board-of-directors\/","og_site_name":"Asociaci\u00f3n Empresarial E\u00f3lica","article_publisher":"https:\/\/www.facebook.com\/aeeolica","article_modified_time":"2026-02-11T18:01:50+00:00","twitter_card":"summary_large_image","twitter_site":"@aeeolica","twitter_misc":{"Est. reading time":"6 minutes"},"schema":{"@context":"https:\/\/schema.org","@graph":[{"@type":"WebPage","@id":"https:\/\/aeeolica.org\/en\/about-aee\/board-of-directors\/","url":"https:\/\/aeeolica.org\/en\/about-aee\/board-of-directors\/","name":"Board of Directors - Asociaci\u00f3n Empresarial E\u00f3lica","isPartOf":{"@id":"https:\/\/aeeolica.org\/#website"},"datePublished":"2021-03-02T18:07:24+00:00","dateModified":"2026-02-11T18:01:50+00:00","breadcrumb":{"@id":"https:\/\/aeeolica.org\/en\/about-aee\/board-of-directors\/#breadcrumb"},"inLanguage":"en-US","potentialAction":[{"@type":"ReadAction","target":["https:\/\/aeeolica.org\/en\/about-aee\/board-of-directors\/"]}]},{"@type":"BreadcrumbList","@id":"https:\/\/aeeolica.org\/en\/about-aee\/board-of-directors\/#breadcrumb","itemListElement":[{"@type":"ListItem","position":1,"name":"Portada","item":"https:\/\/aeeolica.org\/en\/inicio\/"},{"@type":"ListItem","position":2,"name":"About AEE","item":"https:\/\/aeeolica.org\/en\/about-aee\/"},{"@type":"ListItem","position":3,"name":"Board of Directors"}]},{"@type":"WebSite","@id":"https:\/\/aeeolica.org\/#website","url":"https:\/\/aeeolica.org\/","name":"Asociaci\u00f3n Empresarial E\u00f3lica","description":"AEE Asociaci\u00f3n Empresarial E\u00f3lica","publisher":{"@id":"https:\/\/aeeolica.org\/#organization"},"potentialAction":[{"@type":"SearchAction","target":{"@type":"EntryPoint","urlTemplate":"https:\/\/aeeolica.org\/?s={search_term_string}"},"query-input":{"@type":"PropertyValueSpecification","valueRequired":true,"valueName":"search_term_string"}}],"inLanguage":"en-US"},{"@type":"Organization","@id":"https:\/\/aeeolica.org\/#organization","name":"Asociaci\u00f3n Empresarial E\u00f3lica","url":"https:\/\/aeeolica.org\/","logo":{"@type":"ImageObject","inLanguage":"en-US","@id":"https:\/\/aeeolica.org\/#\/schema\/logo\/image\/","url":"https:\/\/aeeolica.org\/wp-content\/uploads\/2021\/08\/logo-aee.png","contentUrl":"https:\/\/aeeolica.org\/wp-content\/uploads\/2021\/08\/logo-aee.png","width":180,"height":78,"caption":"Asociaci\u00f3n Empresarial E\u00f3lica"},"image":{"@id":"https:\/\/aeeolica.org\/#\/schema\/logo\/image\/"},"sameAs":["https:\/\/www.facebook.com\/aeeolica","https:\/\/x.com\/aeeolica","https:\/\/www.instagram.com\/aeeolica\/","https:\/\/www.linkedin.com\/in\/aee-asociaci\u00f3n-empresarial-e\u00f3lica-6830946b\/","https:\/\/www.youtube.com\/user\/AEEolica"]}]}},"_links":{"self":[{"href":"https:\/\/aeeolica.org\/en\/wp-json\/wp\/v2\/pages\/9214","targetHints":{"allow":["GET"]}}],"collection":[{"href":"https:\/\/aeeolica.org\/en\/wp-json\/wp\/v2\/pages"}],"about":[{"href":"https:\/\/aeeolica.org\/en\/wp-json\/wp\/v2\/types\/page"}],"author":[{"embeddable":true,"href":"https:\/\/aeeolica.org\/en\/wp-json\/wp\/v2\/users\/1"}],"replies":[{"embeddable":true,"href":"https:\/\/aeeolica.org\/en\/wp-json\/wp\/v2\/comments?post=9214"}],"version-history":[{"count":7,"href":"https:\/\/aeeolica.org\/en\/wp-json\/wp\/v2\/pages\/9214\/revisions"}],"predecessor-version":[{"id":292197,"href":"https:\/\/aeeolica.org\/en\/wp-json\/wp\/v2\/pages\/9214\/revisions\/292197"}],"up":[{"embeddable":true,"href":"https:\/\/aeeolica.org\/en\/wp-json\/wp\/v2\/pages\/8333"}],"wp:attachment":[{"href":"https:\/\/aeeolica.org\/en\/wp-json\/wp\/v2\/media?parent=9214"}],"curies":[{"name":"wp","href":"https:\/\/api.w.org\/{rel}","templated":true}]}}